{"id":2522,"date":"2022-09-16T13:07:12","date_gmt":"2022-09-16T11:07:12","guid":{"rendered":"https:\/\/blvk.dev.mxm.agency\/?page_id=2522"},"modified":"2023-08-25T11:55:32","modified_gmt":"2023-08-25T09:55:32","slug":"notice-prestations-de-survivants","status":"publish","type":"page","link":"https:\/\/blvk.ch\/fr\/personnes-assurees\/documents\/tous-les-notices-dinformation\/notice-prestations-de-survivants\/","title":{"rendered":"Notice Prestations de survivants"},"content":{"rendered":"<p>En cas de d\u00e9c\u00e8s d&rsquo;une personne assur\u00e9e mari\u00e9e, ou d\u2019un partenaire enregistr\u00e9, il existe un droit \u00e0 des prestations de survivants sous certaines conditions. Il s&rsquo;agit g\u00e9n\u00e9ralement de rentes, mais un capital d\u00e9c\u00e8s peut \u00e9ventuellement \u00eatre vers\u00e9. Vous trouvez ci-dessous un bref aper\u00e7u des diff\u00e9rentes prestations ainsi que des conditions les plus importantes. Vous trouverez plus de d\u00e9tails dans les articles 18 &#8211; 22 du R\u00e8glement de pr\u00e9voyance.<\/p>\n","protected":false},"excerpt":{"rendered":"<p>En cas de d\u00e9c\u00e8s d&rsquo;une personne assur\u00e9e mari\u00e9e, ou d\u2019un partenaire enregistr\u00e9, il existe un droit \u00e0 des prestations de survivants sous certaines conditions. Il s&rsquo;agit g\u00e9n\u00e9ralement de rentes, mais un capital d\u00e9c\u00e8s peut \u00e9ventuellement \u00eatre vers\u00e9. Vous trouvez ci-dessous un bref aper\u00e7u des diff\u00e9rentes prestations ainsi que des conditions les plus importantes. Vous trouverez [&hellip;]<\/p>\n","protected":false},"author":1,"featured_media":0,"parent":2562,"menu_order":0,"comment_status":"closed","ping_status":"closed","template":"page-templates\/grundsatze-small.php","meta":{"_acf_changed":false,"inline_featured_image":false,"footnotes":""},"class_list":["post-2522","page","type-page","status-publish","hentry"],"acf":[],"yoast_head":"<!-- This site is optimized with the Yoast SEO plugin v25.4 - https:\/\/yoast.com\/wordpress\/plugins\/seo\/ -->\n<title>Notice Prestations de survivants - CACEB<\/title>\n<meta name=\"robots\" content=\"index, follow, max-snippet:-1, max-image-preview:large, max-video-preview:-1\" \/>\n<link rel=\"canonical\" href=\"https:\/\/blvk.ch\/fr\/personnes-assurees\/documents\/tous-les-notices-dinformation\/notice-prestations-de-survivants\/\" \/>\n<meta property=\"og:locale\" content=\"fr_FR\" \/>\n<meta property=\"og:type\" content=\"article\" \/>\n<meta property=\"og:title\" content=\"Notice Prestations de survivants - CACEB\" \/>\n<meta property=\"og:description\" content=\"En cas de d\u00e9c\u00e8s d&rsquo;une personne assur\u00e9e mari\u00e9e, ou d\u2019un partenaire enregistr\u00e9, il existe un droit \u00e0 des prestations de survivants sous certaines conditions. Il s&rsquo;agit g\u00e9n\u00e9ralement de rentes, mais un capital d\u00e9c\u00e8s peut \u00e9ventuellement \u00eatre vers\u00e9. Vous trouvez ci-dessous un bref aper\u00e7u des diff\u00e9rentes prestations ainsi que des conditions les plus importantes. Vous trouverez [&hellip;]\" \/>\n<meta property=\"og:url\" content=\"https:\/\/blvk.ch\/fr\/personnes-assurees\/documents\/tous-les-notices-dinformation\/notice-prestations-de-survivants\/\" \/>\n<meta property=\"og:site_name\" content=\"CACEB\" \/>\n<meta property=\"article:modified_time\" content=\"2023-08-25T09:55:32+00:00\" \/>\n<meta name=\"twitter:card\" content=\"summary_large_image\" \/>\n<meta name=\"twitter:label1\" content=\"Dur\u00e9e de lecture estim\u00e9e\" \/>\n\t<meta name=\"twitter:data1\" content=\"1 minute\" \/>\n<script type=\"application\/ld+json\" class=\"yoast-schema-graph\">{\"@context\":\"https:\/\/schema.org\",\"@graph\":[{\"@type\":\"WebPage\",\"@id\":\"https:\/\/blvk.ch\/fr\/personnes-assurees\/documents\/tous-les-notices-dinformation\/notice-prestations-de-survivants\/\",\"url\":\"https:\/\/blvk.ch\/fr\/personnes-assurees\/documents\/tous-les-notices-dinformation\/notice-prestations-de-survivants\/\",\"name\":\"Notice Prestations de survivants - CACEB\",\"isPartOf\":{\"@id\":\"https:\/\/blvk.ch\/fr\/#website\"},\"datePublished\":\"2022-09-16T11:07:12+00:00\",\"dateModified\":\"2023-08-25T09:55:32+00:00\",\"breadcrumb\":{\"@id\":\"https:\/\/blvk.ch\/fr\/personnes-assurees\/documents\/tous-les-notices-dinformation\/notice-prestations-de-survivants\/#breadcrumb\"},\"inLanguage\":\"fr-FR\",\"potentialAction\":[{\"@type\":\"ReadAction\",\"target\":[\"https:\/\/blvk.ch\/fr\/personnes-assurees\/documents\/tous-les-notices-dinformation\/notice-prestations-de-survivants\/\"]}]},{\"@type\":\"BreadcrumbList\",\"@id\":\"https:\/\/blvk.ch\/fr\/personnes-assurees\/documents\/tous-les-notices-dinformation\/notice-prestations-de-survivants\/#breadcrumb\",\"itemListElement\":[{\"@type\":\"ListItem\",\"position\":1,\"name\":\"Startseite\",\"item\":\"https:\/\/blvk.ch\/fr\/\"},{\"@type\":\"ListItem\",\"position\":2,\"name\":\"Personnes assur\u00e9es\",\"item\":\"https:\/\/blvk.ch\/fr\/personnes-assurees\/\"},{\"@type\":\"ListItem\",\"position\":3,\"name\":\"Documents\",\"item\":\"https:\/\/blvk.ch\/fr\/personnes-assurees\/documents\/\"},{\"@type\":\"ListItem\",\"position\":4,\"name\":\"Toutes les notices d&#8217;information\",\"item\":\"https:\/\/blvk.ch\/fr\/personnes-assurees\/documents\/tous-les-notices-dinformation\/\"},{\"@type\":\"ListItem\",\"position\":5,\"name\":\"Notice Prestations de survivants\"}]},{\"@type\":\"WebSite\",\"@id\":\"https:\/\/blvk.ch\/fr\/#website\",\"url\":\"https:\/\/blvk.ch\/fr\/\",\"name\":\"CACEB\",\"description\":\"Caisse d&#039;assurance du corps enseignant bernois\",\"publisher\":{\"@id\":\"https:\/\/blvk.ch\/fr\/#organization\"},\"potentialAction\":[{\"@type\":\"SearchAction\",\"target\":{\"@type\":\"EntryPoint\",\"urlTemplate\":\"https:\/\/blvk.ch\/fr\/?s={search_term_string}\"},\"query-input\":{\"@type\":\"PropertyValueSpecification\",\"valueRequired\":true,\"valueName\":\"search_term_string\"}}],\"inLanguage\":\"fr-FR\"},{\"@type\":\"Organization\",\"@id\":\"https:\/\/blvk.ch\/fr\/#organization\",\"name\":\"CACEB\",\"url\":\"https:\/\/blvk.ch\/fr\/\",\"logo\":{\"@type\":\"ImageObject\",\"inLanguage\":\"fr-FR\",\"@id\":\"https:\/\/blvk.ch\/fr\/#\/schema\/logo\/image\/\",\"url\":\"https:\/\/blvk.ch\/wp-content\/uploads\/2022\/10\/Logo1.png\",\"contentUrl\":\"https:\/\/blvk.ch\/wp-content\/uploads\/2022\/10\/Logo1.png\",\"width\":152,\"height\":66,\"caption\":\"CACEB\"},\"image\":{\"@id\":\"https:\/\/blvk.ch\/fr\/#\/schema\/logo\/image\/\"}}]}<\/script>\n<!-- \/ Yoast SEO plugin. -->","yoast_head_json":{"title":"Notice Prestations de survivants - CACEB","robots":{"index":"index","follow":"follow","max-snippet":"max-snippet:-1","max-image-preview":"max-image-preview:large","max-video-preview":"max-video-preview:-1"},"canonical":"https:\/\/blvk.ch\/fr\/personnes-assurees\/documents\/tous-les-notices-dinformation\/notice-prestations-de-survivants\/","og_locale":"fr_FR","og_type":"article","og_title":"Notice Prestations de survivants - CACEB","og_description":"En cas de d\u00e9c\u00e8s d&rsquo;une personne assur\u00e9e mari\u00e9e, ou d\u2019un partenaire enregistr\u00e9, il existe un droit \u00e0 des prestations de survivants sous certaines conditions. Il s&rsquo;agit g\u00e9n\u00e9ralement de rentes, mais un capital d\u00e9c\u00e8s peut \u00e9ventuellement \u00eatre vers\u00e9. Vous trouvez ci-dessous un bref aper\u00e7u des diff\u00e9rentes prestations ainsi que des conditions les plus importantes. Vous trouverez [&hellip;]","og_url":"https:\/\/blvk.ch\/fr\/personnes-assurees\/documents\/tous-les-notices-dinformation\/notice-prestations-de-survivants\/","og_site_name":"CACEB","article_modified_time":"2023-08-25T09:55:32+00:00","twitter_card":"summary_large_image","twitter_misc":{"Dur\u00e9e de lecture estim\u00e9e":"1 minute"},"schema":{"@context":"https:\/\/schema.org","@graph":[{"@type":"WebPage","@id":"https:\/\/blvk.ch\/fr\/personnes-assurees\/documents\/tous-les-notices-dinformation\/notice-prestations-de-survivants\/","url":"https:\/\/blvk.ch\/fr\/personnes-assurees\/documents\/tous-les-notices-dinformation\/notice-prestations-de-survivants\/","name":"Notice Prestations de survivants - CACEB","isPartOf":{"@id":"https:\/\/blvk.ch\/fr\/#website"},"datePublished":"2022-09-16T11:07:12+00:00","dateModified":"2023-08-25T09:55:32+00:00","breadcrumb":{"@id":"https:\/\/blvk.ch\/fr\/personnes-assurees\/documents\/tous-les-notices-dinformation\/notice-prestations-de-survivants\/#breadcrumb"},"inLanguage":"fr-FR","potentialAction":[{"@type":"ReadAction","target":["https:\/\/blvk.ch\/fr\/personnes-assurees\/documents\/tous-les-notices-dinformation\/notice-prestations-de-survivants\/"]}]},{"@type":"BreadcrumbList","@id":"https:\/\/blvk.ch\/fr\/personnes-assurees\/documents\/tous-les-notices-dinformation\/notice-prestations-de-survivants\/#breadcrumb","itemListElement":[{"@type":"ListItem","position":1,"name":"Startseite","item":"https:\/\/blvk.ch\/fr\/"},{"@type":"ListItem","position":2,"name":"Personnes assur\u00e9es","item":"https:\/\/blvk.ch\/fr\/personnes-assurees\/"},{"@type":"ListItem","position":3,"name":"Documents","item":"https:\/\/blvk.ch\/fr\/personnes-assurees\/documents\/"},{"@type":"ListItem","position":4,"name":"Toutes les notices d&#8217;information","item":"https:\/\/blvk.ch\/fr\/personnes-assurees\/documents\/tous-les-notices-dinformation\/"},{"@type":"ListItem","position":5,"name":"Notice Prestations de survivants"}]},{"@type":"WebSite","@id":"https:\/\/blvk.ch\/fr\/#website","url":"https:\/\/blvk.ch\/fr\/","name":"CACEB","description":"Caisse d&#039;assurance du corps enseignant bernois","publisher":{"@id":"https:\/\/blvk.ch\/fr\/#organization"},"potentialAction":[{"@type":"SearchAction","target":{"@type":"EntryPoint","urlTemplate":"https:\/\/blvk.ch\/fr\/?s={search_term_string}"},"query-input":{"@type":"PropertyValueSpecification","valueRequired":true,"valueName":"search_term_string"}}],"inLanguage":"fr-FR"},{"@type":"Organization","@id":"https:\/\/blvk.ch\/fr\/#organization","name":"CACEB","url":"https:\/\/blvk.ch\/fr\/","logo":{"@type":"ImageObject","inLanguage":"fr-FR","@id":"https:\/\/blvk.ch\/fr\/#\/schema\/logo\/image\/","url":"https:\/\/blvk.ch\/wp-content\/uploads\/2022\/10\/Logo1.png","contentUrl":"https:\/\/blvk.ch\/wp-content\/uploads\/2022\/10\/Logo1.png","width":152,"height":66,"caption":"CACEB"},"image":{"@id":"https:\/\/blvk.ch\/fr\/#\/schema\/logo\/image\/"}}]}},"_links":{"self":[{"href":"https:\/\/blvk.ch\/fr\/wp-json\/wp\/v2\/pages\/2522","targetHints":{"allow":["GET"]}}],"collection":[{"href":"https:\/\/blvk.ch\/fr\/wp-json\/wp\/v2\/pages"}],"about":[{"href":"https:\/\/blvk.ch\/fr\/wp-json\/wp\/v2\/types\/page"}],"author":[{"embeddable":true,"href":"https:\/\/blvk.ch\/fr\/wp-json\/wp\/v2\/users\/1"}],"replies":[{"embeddable":true,"href":"https:\/\/blvk.ch\/fr\/wp-json\/wp\/v2\/comments?post=2522"}],"version-history":[{"count":11,"href":"https:\/\/blvk.ch\/fr\/wp-json\/wp\/v2\/pages\/2522\/revisions"}],"predecessor-version":[{"id":6695,"href":"https:\/\/blvk.ch\/fr\/wp-json\/wp\/v2\/pages\/2522\/revisions\/6695"}],"up":[{"embeddable":true,"href":"https:\/\/blvk.ch\/fr\/wp-json\/wp\/v2\/pages\/2562"}],"wp:attachment":[{"href":"https:\/\/blvk.ch\/fr\/wp-json\/wp\/v2\/media?parent=2522"}],"curies":[{"name":"wp","href":"https:\/\/api.w.org\/{rel}","templated":true}]}}