{"id":2558,"date":"2022-09-16T11:26:20","date_gmt":"2022-09-16T09:26:20","guid":{"rendered":"https:\/\/blvk.dev.mxm.agency\/?page_id=2558"},"modified":"2026-01-30T18:40:32","modified_gmt":"2026-01-30T17:40:32","slug":"reglement-de-prevoyance","status":"publish","type":"page","link":"https:\/\/blvk.ch\/fr\/personnes-assurees\/documents\/tous-les-reglements\/reglement-de-prevoyance\/","title":{"rendered":"R\u00e8glement de pr\u00e9voyance"},"content":{"rendered":"<p>T\u00e9l\u00e9chargez ici le r\u00e8glement de pr\u00e9voyance de la CACEB. Il r\u00e9git la pr\u00e9voyance professionnelle des personnes assur\u00e9es et b\u00e9n\u00e9ficiaires de rentes aupr\u00e8s de la CACEB. Il contient en particulier les dispositions relatives au montant des prestations de pr\u00e9voyance, \u00e0 leurs conditions d&rsquo;octroi ainsi qu&rsquo;\u00e0 leur financement.<\/p>\n","protected":false},"excerpt":{"rendered":"<p>T\u00e9l\u00e9chargez ici le r\u00e8glement de pr\u00e9voyance de la CACEB. Il r\u00e9git la pr\u00e9voyance professionnelle des personnes assur\u00e9es et b\u00e9n\u00e9ficiaires de rentes aupr\u00e8s de la CACEB. Il contient en particulier les dispositions relatives au montant des prestations de pr\u00e9voyance, \u00e0 leurs conditions d&rsquo;octroi ainsi qu&rsquo;\u00e0 leur financement.<\/p>\n","protected":false},"author":1,"featured_media":0,"parent":2569,"menu_order":0,"comment_status":"closed","ping_status":"closed","template":"page-templates\/grundsatze-small.php","meta":{"_acf_changed":false,"inline_featured_image":false,"footnotes":""},"class_list":["post-2558","page","type-page","status-publish","hentry"],"acf":[],"yoast_head":"<!-- This site is optimized with the Yoast SEO plugin v25.4 - https:\/\/yoast.com\/wordpress\/plugins\/seo\/ -->\n<title>R\u00e8glement de pr\u00e9voyance - CACEB<\/title>\n<meta name=\"robots\" content=\"index, follow, max-snippet:-1, max-image-preview:large, max-video-preview:-1\" \/>\n<link rel=\"canonical\" href=\"https:\/\/blvk.ch\/fr\/personnes-assurees\/documents\/tous-les-reglements\/reglement-de-prevoyance\/\" \/>\n<meta property=\"og:locale\" content=\"fr_FR\" \/>\n<meta property=\"og:type\" content=\"article\" \/>\n<meta property=\"og:title\" content=\"R\u00e8glement de pr\u00e9voyance - CACEB\" \/>\n<meta property=\"og:description\" content=\"T\u00e9l\u00e9chargez ici le r\u00e8glement de pr\u00e9voyance de la CACEB. Il r\u00e9git la pr\u00e9voyance professionnelle des personnes assur\u00e9es et b\u00e9n\u00e9ficiaires de rentes aupr\u00e8s de la CACEB. Il contient en particulier les dispositions relatives au montant des prestations de pr\u00e9voyance, \u00e0 leurs conditions d&rsquo;octroi ainsi qu&rsquo;\u00e0 leur financement.\" \/>\n<meta property=\"og:url\" content=\"https:\/\/blvk.ch\/fr\/personnes-assurees\/documents\/tous-les-reglements\/reglement-de-prevoyance\/\" \/>\n<meta property=\"og:site_name\" content=\"CACEB\" \/>\n<meta property=\"article:modified_time\" content=\"2026-01-30T17:40:32+00:00\" \/>\n<meta name=\"twitter:card\" content=\"summary_large_image\" \/>\n<meta name=\"twitter:label1\" content=\"Dur\u00e9e de lecture estim\u00e9e\" \/>\n\t<meta name=\"twitter:data1\" content=\"1 minute\" \/>\n<script type=\"application\/ld+json\" class=\"yoast-schema-graph\">{\"@context\":\"https:\/\/schema.org\",\"@graph\":[{\"@type\":\"WebPage\",\"@id\":\"https:\/\/blvk.ch\/fr\/personnes-assurees\/documents\/tous-les-reglements\/reglement-de-prevoyance\/\",\"url\":\"https:\/\/blvk.ch\/fr\/personnes-assurees\/documents\/tous-les-reglements\/reglement-de-prevoyance\/\",\"name\":\"R\u00e8glement de pr\u00e9voyance - CACEB\",\"isPartOf\":{\"@id\":\"https:\/\/blvk.ch\/fr\/#website\"},\"datePublished\":\"2022-09-16T09:26:20+00:00\",\"dateModified\":\"2026-01-30T17:40:32+00:00\",\"breadcrumb\":{\"@id\":\"https:\/\/blvk.ch\/fr\/personnes-assurees\/documents\/tous-les-reglements\/reglement-de-prevoyance\/#breadcrumb\"},\"inLanguage\":\"fr-FR\",\"potentialAction\":[{\"@type\":\"ReadAction\",\"target\":[\"https:\/\/blvk.ch\/fr\/personnes-assurees\/documents\/tous-les-reglements\/reglement-de-prevoyance\/\"]}]},{\"@type\":\"BreadcrumbList\",\"@id\":\"https:\/\/blvk.ch\/fr\/personnes-assurees\/documents\/tous-les-reglements\/reglement-de-prevoyance\/#breadcrumb\",\"itemListElement\":[{\"@type\":\"ListItem\",\"position\":1,\"name\":\"Startseite\",\"item\":\"https:\/\/blvk.ch\/fr\/\"},{\"@type\":\"ListItem\",\"position\":2,\"name\":\"Personnes assur\u00e9es\",\"item\":\"https:\/\/blvk.ch\/fr\/personnes-assurees\/\"},{\"@type\":\"ListItem\",\"position\":3,\"name\":\"Documents\",\"item\":\"https:\/\/blvk.ch\/fr\/personnes-assurees\/documents\/\"},{\"@type\":\"ListItem\",\"position\":4,\"name\":\"Tous les r\u00e8glements\",\"item\":\"https:\/\/blvk.ch\/fr\/personnes-assurees\/documents\/tous-les-reglements\/\"},{\"@type\":\"ListItem\",\"position\":5,\"name\":\"R\u00e8glement de pr\u00e9voyance\"}]},{\"@type\":\"WebSite\",\"@id\":\"https:\/\/blvk.ch\/fr\/#website\",\"url\":\"https:\/\/blvk.ch\/fr\/\",\"name\":\"CACEB\",\"description\":\"Caisse d&#039;assurance du corps enseignant bernois\",\"publisher\":{\"@id\":\"https:\/\/blvk.ch\/fr\/#organization\"},\"potentialAction\":[{\"@type\":\"SearchAction\",\"target\":{\"@type\":\"EntryPoint\",\"urlTemplate\":\"https:\/\/blvk.ch\/fr\/?s={search_term_string}\"},\"query-input\":{\"@type\":\"PropertyValueSpecification\",\"valueRequired\":true,\"valueName\":\"search_term_string\"}}],\"inLanguage\":\"fr-FR\"},{\"@type\":\"Organization\",\"@id\":\"https:\/\/blvk.ch\/fr\/#organization\",\"name\":\"CACEB\",\"url\":\"https:\/\/blvk.ch\/fr\/\",\"logo\":{\"@type\":\"ImageObject\",\"inLanguage\":\"fr-FR\",\"@id\":\"https:\/\/blvk.ch\/fr\/#\/schema\/logo\/image\/\",\"url\":\"https:\/\/blvk.ch\/wp-content\/uploads\/2022\/10\/Logo1.png\",\"contentUrl\":\"https:\/\/blvk.ch\/wp-content\/uploads\/2022\/10\/Logo1.png\",\"width\":152,\"height\":66,\"caption\":\"CACEB\"},\"image\":{\"@id\":\"https:\/\/blvk.ch\/fr\/#\/schema\/logo\/image\/\"}}]}<\/script>\n<!-- \/ Yoast SEO plugin. -->","yoast_head_json":{"title":"R\u00e8glement de pr\u00e9voyance - CACEB","robots":{"index":"index","follow":"follow","max-snippet":"max-snippet:-1","max-image-preview":"max-image-preview:large","max-video-preview":"max-video-preview:-1"},"canonical":"https:\/\/blvk.ch\/fr\/personnes-assurees\/documents\/tous-les-reglements\/reglement-de-prevoyance\/","og_locale":"fr_FR","og_type":"article","og_title":"R\u00e8glement de pr\u00e9voyance - CACEB","og_description":"T\u00e9l\u00e9chargez ici le r\u00e8glement de pr\u00e9voyance de la CACEB. Il r\u00e9git la pr\u00e9voyance professionnelle des personnes assur\u00e9es et b\u00e9n\u00e9ficiaires de rentes aupr\u00e8s de la CACEB. Il contient en particulier les dispositions relatives au montant des prestations de pr\u00e9voyance, \u00e0 leurs conditions d&rsquo;octroi ainsi qu&rsquo;\u00e0 leur financement.","og_url":"https:\/\/blvk.ch\/fr\/personnes-assurees\/documents\/tous-les-reglements\/reglement-de-prevoyance\/","og_site_name":"CACEB","article_modified_time":"2026-01-30T17:40:32+00:00","twitter_card":"summary_large_image","twitter_misc":{"Dur\u00e9e de lecture estim\u00e9e":"1 minute"},"schema":{"@context":"https:\/\/schema.org","@graph":[{"@type":"WebPage","@id":"https:\/\/blvk.ch\/fr\/personnes-assurees\/documents\/tous-les-reglements\/reglement-de-prevoyance\/","url":"https:\/\/blvk.ch\/fr\/personnes-assurees\/documents\/tous-les-reglements\/reglement-de-prevoyance\/","name":"R\u00e8glement de pr\u00e9voyance - CACEB","isPartOf":{"@id":"https:\/\/blvk.ch\/fr\/#website"},"datePublished":"2022-09-16T09:26:20+00:00","dateModified":"2026-01-30T17:40:32+00:00","breadcrumb":{"@id":"https:\/\/blvk.ch\/fr\/personnes-assurees\/documents\/tous-les-reglements\/reglement-de-prevoyance\/#breadcrumb"},"inLanguage":"fr-FR","potentialAction":[{"@type":"ReadAction","target":["https:\/\/blvk.ch\/fr\/personnes-assurees\/documents\/tous-les-reglements\/reglement-de-prevoyance\/"]}]},{"@type":"BreadcrumbList","@id":"https:\/\/blvk.ch\/fr\/personnes-assurees\/documents\/tous-les-reglements\/reglement-de-prevoyance\/#breadcrumb","itemListElement":[{"@type":"ListItem","position":1,"name":"Startseite","item":"https:\/\/blvk.ch\/fr\/"},{"@type":"ListItem","position":2,"name":"Personnes assur\u00e9es","item":"https:\/\/blvk.ch\/fr\/personnes-assurees\/"},{"@type":"ListItem","position":3,"name":"Documents","item":"https:\/\/blvk.ch\/fr\/personnes-assurees\/documents\/"},{"@type":"ListItem","position":4,"name":"Tous les r\u00e8glements","item":"https:\/\/blvk.ch\/fr\/personnes-assurees\/documents\/tous-les-reglements\/"},{"@type":"ListItem","position":5,"name":"R\u00e8glement de pr\u00e9voyance"}]},{"@type":"WebSite","@id":"https:\/\/blvk.ch\/fr\/#website","url":"https:\/\/blvk.ch\/fr\/","name":"CACEB","description":"Caisse d&#039;assurance du corps enseignant bernois","publisher":{"@id":"https:\/\/blvk.ch\/fr\/#organization"},"potentialAction":[{"@type":"SearchAction","target":{"@type":"EntryPoint","urlTemplate":"https:\/\/blvk.ch\/fr\/?s={search_term_string}"},"query-input":{"@type":"PropertyValueSpecification","valueRequired":true,"valueName":"search_term_string"}}],"inLanguage":"fr-FR"},{"@type":"Organization","@id":"https:\/\/blvk.ch\/fr\/#organization","name":"CACEB","url":"https:\/\/blvk.ch\/fr\/","logo":{"@type":"ImageObject","inLanguage":"fr-FR","@id":"https:\/\/blvk.ch\/fr\/#\/schema\/logo\/image\/","url":"https:\/\/blvk.ch\/wp-content\/uploads\/2022\/10\/Logo1.png","contentUrl":"https:\/\/blvk.ch\/wp-content\/uploads\/2022\/10\/Logo1.png","width":152,"height":66,"caption":"CACEB"},"image":{"@id":"https:\/\/blvk.ch\/fr\/#\/schema\/logo\/image\/"}}]}},"_links":{"self":[{"href":"https:\/\/blvk.ch\/fr\/wp-json\/wp\/v2\/pages\/2558","targetHints":{"allow":["GET"]}}],"collection":[{"href":"https:\/\/blvk.ch\/fr\/wp-json\/wp\/v2\/pages"}],"about":[{"href":"https:\/\/blvk.ch\/fr\/wp-json\/wp\/v2\/types\/page"}],"author":[{"embeddable":true,"href":"https:\/\/blvk.ch\/fr\/wp-json\/wp\/v2\/users\/1"}],"replies":[{"embeddable":true,"href":"https:\/\/blvk.ch\/fr\/wp-json\/wp\/v2\/comments?post=2558"}],"version-history":[{"count":13,"href":"https:\/\/blvk.ch\/fr\/wp-json\/wp\/v2\/pages\/2558\/revisions"}],"predecessor-version":[{"id":10808,"href":"https:\/\/blvk.ch\/fr\/wp-json\/wp\/v2\/pages\/2558\/revisions\/10808"}],"up":[{"embeddable":true,"href":"https:\/\/blvk.ch\/fr\/wp-json\/wp\/v2\/pages\/2569"}],"wp:attachment":[{"href":"https:\/\/blvk.ch\/fr\/wp-json\/wp\/v2\/media?parent=2558"}],"curies":[{"name":"wp","href":"https:\/\/api.w.org\/{rel}","templated":true}]}}