{"id":2600,"date":"2022-09-19T13:51:52","date_gmt":"2022-09-19T11:51:52","guid":{"rendered":"https:\/\/blvk.dev.mxm.agency\/?page_id=2600"},"modified":"2025-06-27T14:02:17","modified_gmt":"2025-06-27T12:02:17","slug":"formulaire-dauto-declaration-rachat","status":"publish","type":"page","link":"https:\/\/blvk.ch\/fr\/personnes-assurees\/documents\/tous-les-formulaires\/formulaire-dauto-declaration-rachat\/","title":{"rendered":"Formulaire d&rsquo;auto-d\u00e9claration (rachat)"},"content":{"rendered":"<p>La\u00a0CACEB\u00a0v\u00e9rifie si un rachat facultatif dans la caisse de pension est l\u00e9galement possible et s\u2019il est d\u00e9ductible du\u00a0revenu\u00a0imposable.<\/p>\n<p>Avant chaque rachat, il est obligatoire de remplir en bonne et due forme le formulaire \u00ab Autod\u00e9claration en cas de rachats facultatifs \u00bb. Si le rachat souhait\u00e9 est possible, vous recevrez un bulletin de versement individuel environ 30 jours avant le versement planifi\u00e9. Celui-ci ne peut \u00eatre utilis\u00e9 que pour le but de paiement pr\u00e9vu.<\/p>\n","protected":false},"excerpt":{"rendered":"<p>La\u00a0CACEB\u00a0v\u00e9rifie si un rachat facultatif dans la caisse de pension est l\u00e9galement possible et s\u2019il est d\u00e9ductible du\u00a0revenu\u00a0imposable. Avant chaque rachat, il est obligatoire de remplir en bonne et due forme le formulaire \u00ab Autod\u00e9claration en cas de rachats facultatifs \u00bb. Si le rachat souhait\u00e9 est possible, vous recevrez un bulletin de versement individuel environ [&hellip;]<\/p>\n","protected":false},"author":1,"featured_media":0,"parent":1905,"menu_order":0,"comment_status":"closed","ping_status":"closed","template":"page-templates\/iframe-page.php","meta":{"_acf_changed":false,"inline_featured_image":false,"footnotes":""},"class_list":["post-2600","page","type-page","status-publish","hentry"],"acf":[],"yoast_head":"<!-- This site is optimized with the Yoast SEO plugin v25.4 - https:\/\/yoast.com\/wordpress\/plugins\/seo\/ -->\n<title>Formulaire d&#039;auto-d\u00e9claration (rachat) - CACEB<\/title>\n<meta name=\"robots\" content=\"index, follow, max-snippet:-1, max-image-preview:large, max-video-preview:-1\" \/>\n<link rel=\"canonical\" href=\"https:\/\/blvk.ch\/fr\/personnes-assurees\/documents\/tous-les-formulaires\/formulaire-dauto-declaration-rachat\/\" \/>\n<meta property=\"og:locale\" content=\"fr_FR\" \/>\n<meta property=\"og:type\" content=\"article\" \/>\n<meta property=\"og:title\" content=\"Formulaire d&#039;auto-d\u00e9claration (rachat) - CACEB\" \/>\n<meta property=\"og:description\" content=\"La\u00a0CACEB\u00a0v\u00e9rifie si un rachat facultatif dans la caisse de pension est l\u00e9galement possible et s\u2019il est d\u00e9ductible du\u00a0revenu\u00a0imposable. Avant chaque rachat, il est obligatoire de remplir en bonne et due forme le formulaire \u00ab Autod\u00e9claration en cas de rachats facultatifs \u00bb. Si le rachat souhait\u00e9 est possible, vous recevrez un bulletin de versement individuel environ [&hellip;]\" \/>\n<meta property=\"og:url\" content=\"https:\/\/blvk.ch\/fr\/personnes-assurees\/documents\/tous-les-formulaires\/formulaire-dauto-declaration-rachat\/\" \/>\n<meta property=\"og:site_name\" content=\"CACEB\" \/>\n<meta property=\"article:modified_time\" content=\"2025-06-27T12:02:17+00:00\" \/>\n<meta name=\"twitter:card\" content=\"summary_large_image\" \/>\n<meta name=\"twitter:label1\" content=\"Dur\u00e9e de lecture estim\u00e9e\" \/>\n\t<meta name=\"twitter:data1\" content=\"1 minute\" \/>\n<script type=\"application\/ld+json\" class=\"yoast-schema-graph\">{\"@context\":\"https:\/\/schema.org\",\"@graph\":[{\"@type\":\"WebPage\",\"@id\":\"https:\/\/blvk.ch\/fr\/personnes-assurees\/documents\/tous-les-formulaires\/formulaire-dauto-declaration-rachat\/\",\"url\":\"https:\/\/blvk.ch\/fr\/personnes-assurees\/documents\/tous-les-formulaires\/formulaire-dauto-declaration-rachat\/\",\"name\":\"Formulaire d'auto-d\u00e9claration (rachat) - CACEB\",\"isPartOf\":{\"@id\":\"https:\/\/blvk.ch\/fr\/#website\"},\"datePublished\":\"2022-09-19T11:51:52+00:00\",\"dateModified\":\"2025-06-27T12:02:17+00:00\",\"breadcrumb\":{\"@id\":\"https:\/\/blvk.ch\/fr\/personnes-assurees\/documents\/tous-les-formulaires\/formulaire-dauto-declaration-rachat\/#breadcrumb\"},\"inLanguage\":\"fr-FR\",\"potentialAction\":[{\"@type\":\"ReadAction\",\"target\":[\"https:\/\/blvk.ch\/fr\/personnes-assurees\/documents\/tous-les-formulaires\/formulaire-dauto-declaration-rachat\/\"]}]},{\"@type\":\"BreadcrumbList\",\"@id\":\"https:\/\/blvk.ch\/fr\/personnes-assurees\/documents\/tous-les-formulaires\/formulaire-dauto-declaration-rachat\/#breadcrumb\",\"itemListElement\":[{\"@type\":\"ListItem\",\"position\":1,\"name\":\"Startseite\",\"item\":\"https:\/\/blvk.ch\/fr\/\"},{\"@type\":\"ListItem\",\"position\":2,\"name\":\"Personnes assur\u00e9es\",\"item\":\"https:\/\/blvk.ch\/fr\/personnes-assurees\/\"},{\"@type\":\"ListItem\",\"position\":3,\"name\":\"Documents\",\"item\":\"https:\/\/blvk.ch\/fr\/personnes-assurees\/documents\/\"},{\"@type\":\"ListItem\",\"position\":4,\"name\":\"Tous les formulaires\",\"item\":\"https:\/\/blvk.ch\/fr\/personnes-assurees\/documents\/tous-les-formulaires\/\"},{\"@type\":\"ListItem\",\"position\":5,\"name\":\"Formulaire d&rsquo;auto-d\u00e9claration (rachat)\"}]},{\"@type\":\"WebSite\",\"@id\":\"https:\/\/blvk.ch\/fr\/#website\",\"url\":\"https:\/\/blvk.ch\/fr\/\",\"name\":\"CACEB\",\"description\":\"Caisse d&#039;assurance du corps enseignant bernois\",\"publisher\":{\"@id\":\"https:\/\/blvk.ch\/fr\/#organization\"},\"potentialAction\":[{\"@type\":\"SearchAction\",\"target\":{\"@type\":\"EntryPoint\",\"urlTemplate\":\"https:\/\/blvk.ch\/fr\/?s={search_term_string}\"},\"query-input\":{\"@type\":\"PropertyValueSpecification\",\"valueRequired\":true,\"valueName\":\"search_term_string\"}}],\"inLanguage\":\"fr-FR\"},{\"@type\":\"Organization\",\"@id\":\"https:\/\/blvk.ch\/fr\/#organization\",\"name\":\"CACEB\",\"url\":\"https:\/\/blvk.ch\/fr\/\",\"logo\":{\"@type\":\"ImageObject\",\"inLanguage\":\"fr-FR\",\"@id\":\"https:\/\/blvk.ch\/fr\/#\/schema\/logo\/image\/\",\"url\":\"https:\/\/blvk.ch\/wp-content\/uploads\/2022\/10\/Logo1.png\",\"contentUrl\":\"https:\/\/blvk.ch\/wp-content\/uploads\/2022\/10\/Logo1.png\",\"width\":152,\"height\":66,\"caption\":\"CACEB\"},\"image\":{\"@id\":\"https:\/\/blvk.ch\/fr\/#\/schema\/logo\/image\/\"}}]}<\/script>\n<!-- \/ Yoast SEO plugin. -->","yoast_head_json":{"title":"Formulaire d'auto-d\u00e9claration (rachat) - CACEB","robots":{"index":"index","follow":"follow","max-snippet":"max-snippet:-1","max-image-preview":"max-image-preview:large","max-video-preview":"max-video-preview:-1"},"canonical":"https:\/\/blvk.ch\/fr\/personnes-assurees\/documents\/tous-les-formulaires\/formulaire-dauto-declaration-rachat\/","og_locale":"fr_FR","og_type":"article","og_title":"Formulaire d'auto-d\u00e9claration (rachat) - CACEB","og_description":"La\u00a0CACEB\u00a0v\u00e9rifie si un rachat facultatif dans la caisse de pension est l\u00e9galement possible et s\u2019il est d\u00e9ductible du\u00a0revenu\u00a0imposable. Avant chaque rachat, il est obligatoire de remplir en bonne et due forme le formulaire \u00ab Autod\u00e9claration en cas de rachats facultatifs \u00bb. Si le rachat souhait\u00e9 est possible, vous recevrez un bulletin de versement individuel environ [&hellip;]","og_url":"https:\/\/blvk.ch\/fr\/personnes-assurees\/documents\/tous-les-formulaires\/formulaire-dauto-declaration-rachat\/","og_site_name":"CACEB","article_modified_time":"2025-06-27T12:02:17+00:00","twitter_card":"summary_large_image","twitter_misc":{"Dur\u00e9e de lecture estim\u00e9e":"1 minute"},"schema":{"@context":"https:\/\/schema.org","@graph":[{"@type":"WebPage","@id":"https:\/\/blvk.ch\/fr\/personnes-assurees\/documents\/tous-les-formulaires\/formulaire-dauto-declaration-rachat\/","url":"https:\/\/blvk.ch\/fr\/personnes-assurees\/documents\/tous-les-formulaires\/formulaire-dauto-declaration-rachat\/","name":"Formulaire d'auto-d\u00e9claration (rachat) - CACEB","isPartOf":{"@id":"https:\/\/blvk.ch\/fr\/#website"},"datePublished":"2022-09-19T11:51:52+00:00","dateModified":"2025-06-27T12:02:17+00:00","breadcrumb":{"@id":"https:\/\/blvk.ch\/fr\/personnes-assurees\/documents\/tous-les-formulaires\/formulaire-dauto-declaration-rachat\/#breadcrumb"},"inLanguage":"fr-FR","potentialAction":[{"@type":"ReadAction","target":["https:\/\/blvk.ch\/fr\/personnes-assurees\/documents\/tous-les-formulaires\/formulaire-dauto-declaration-rachat\/"]}]},{"@type":"BreadcrumbList","@id":"https:\/\/blvk.ch\/fr\/personnes-assurees\/documents\/tous-les-formulaires\/formulaire-dauto-declaration-rachat\/#breadcrumb","itemListElement":[{"@type":"ListItem","position":1,"name":"Startseite","item":"https:\/\/blvk.ch\/fr\/"},{"@type":"ListItem","position":2,"name":"Personnes assur\u00e9es","item":"https:\/\/blvk.ch\/fr\/personnes-assurees\/"},{"@type":"ListItem","position":3,"name":"Documents","item":"https:\/\/blvk.ch\/fr\/personnes-assurees\/documents\/"},{"@type":"ListItem","position":4,"name":"Tous les formulaires","item":"https:\/\/blvk.ch\/fr\/personnes-assurees\/documents\/tous-les-formulaires\/"},{"@type":"ListItem","position":5,"name":"Formulaire d&rsquo;auto-d\u00e9claration (rachat)"}]},{"@type":"WebSite","@id":"https:\/\/blvk.ch\/fr\/#website","url":"https:\/\/blvk.ch\/fr\/","name":"CACEB","description":"Caisse d&#039;assurance du corps enseignant bernois","publisher":{"@id":"https:\/\/blvk.ch\/fr\/#organization"},"potentialAction":[{"@type":"SearchAction","target":{"@type":"EntryPoint","urlTemplate":"https:\/\/blvk.ch\/fr\/?s={search_term_string}"},"query-input":{"@type":"PropertyValueSpecification","valueRequired":true,"valueName":"search_term_string"}}],"inLanguage":"fr-FR"},{"@type":"Organization","@id":"https:\/\/blvk.ch\/fr\/#organization","name":"CACEB","url":"https:\/\/blvk.ch\/fr\/","logo":{"@type":"ImageObject","inLanguage":"fr-FR","@id":"https:\/\/blvk.ch\/fr\/#\/schema\/logo\/image\/","url":"https:\/\/blvk.ch\/wp-content\/uploads\/2022\/10\/Logo1.png","contentUrl":"https:\/\/blvk.ch\/wp-content\/uploads\/2022\/10\/Logo1.png","width":152,"height":66,"caption":"CACEB"},"image":{"@id":"https:\/\/blvk.ch\/fr\/#\/schema\/logo\/image\/"}}]}},"_links":{"self":[{"href":"https:\/\/blvk.ch\/fr\/wp-json\/wp\/v2\/pages\/2600","targetHints":{"allow":["GET"]}}],"collection":[{"href":"https:\/\/blvk.ch\/fr\/wp-json\/wp\/v2\/pages"}],"about":[{"href":"https:\/\/blvk.ch\/fr\/wp-json\/wp\/v2\/types\/page"}],"author":[{"embeddable":true,"href":"https:\/\/blvk.ch\/fr\/wp-json\/wp\/v2\/users\/1"}],"replies":[{"embeddable":true,"href":"https:\/\/blvk.ch\/fr\/wp-json\/wp\/v2\/comments?post=2600"}],"version-history":[{"count":12,"href":"https:\/\/blvk.ch\/fr\/wp-json\/wp\/v2\/pages\/2600\/revisions"}],"predecessor-version":[{"id":3359,"href":"https:\/\/blvk.ch\/fr\/wp-json\/wp\/v2\/pages\/2600\/revisions\/3359"}],"up":[{"embeddable":true,"href":"https:\/\/blvk.ch\/fr\/wp-json\/wp\/v2\/pages\/1905"}],"wp:attachment":[{"href":"https:\/\/blvk.ch\/fr\/wp-json\/wp\/v2\/media?parent=2600"}],"curies":[{"name":"wp","href":"https:\/\/api.w.org\/{rel}","templated":true}]}}