{"id":2643,"date":"2022-09-19T12:42:10","date_gmt":"2022-09-19T10:42:10","guid":{"rendered":"https:\/\/blvk.dev.mxm.agency\/?page_id=2643"},"modified":"2026-01-30T10:25:02","modified_gmt":"2026-01-30T09:25:02","slug":"notice-retraite","status":"publish","type":"page","link":"https:\/\/blvk.ch\/fr\/personnes-assurees\/documents\/tous-les-notices-dinformation\/notice-retraite\/","title":{"rendered":"Notice Retraite"},"content":{"rendered":"<p>L&rsquo;\u00e2ge de la retraite ordinaire, pour les hommes et pour les femmes, est \u00e0 65 ans. La perception de la retraite anticip\u00e9e est possible au plus t\u00f4t \u00e0 58 ans. En cas de poursuite de l&rsquo;activit\u00e9 professionnelle, un report de la retraite est possible jusqu&rsquo;\u00e0 70 ans. D\u00e8s 58 ans r\u00e9volus, il n&rsquo;y a en principe plus de transfert de la prestation de libre passage ; il s&rsquo;agit alors d&rsquo;une mise \u00e0 la retraite.<\/p>\n","protected":false},"excerpt":{"rendered":"<p>L&rsquo;\u00e2ge de la retraite ordinaire, pour les hommes et pour les femmes, est \u00e0 65 ans. La perception de la retraite anticip\u00e9e est possible au plus t\u00f4t \u00e0 58 ans. En cas de poursuite de l&rsquo;activit\u00e9 professionnelle, un report de la retraite est possible jusqu&rsquo;\u00e0 70 ans. D\u00e8s 58 ans r\u00e9volus, il n&rsquo;y a en [&hellip;]<\/p>\n","protected":false},"author":1,"featured_media":0,"parent":2562,"menu_order":0,"comment_status":"closed","ping_status":"closed","template":"page-templates\/grundsatze-small.php","meta":{"_acf_changed":false,"inline_featured_image":false,"footnotes":""},"class_list":["post-2643","page","type-page","status-publish","hentry"],"acf":[],"yoast_head":"<!-- This site is optimized with the Yoast SEO plugin v25.4 - https:\/\/yoast.com\/wordpress\/plugins\/seo\/ -->\n<title>Notice Retraite - CACEB<\/title>\n<meta name=\"robots\" content=\"index, follow, max-snippet:-1, max-image-preview:large, max-video-preview:-1\" \/>\n<link rel=\"canonical\" href=\"https:\/\/blvk.ch\/fr\/personnes-assurees\/documents\/tous-les-notices-dinformation\/notice-retraite\/\" \/>\n<meta property=\"og:locale\" content=\"fr_FR\" \/>\n<meta property=\"og:type\" content=\"article\" \/>\n<meta property=\"og:title\" content=\"Notice Retraite - CACEB\" \/>\n<meta property=\"og:description\" content=\"L&rsquo;\u00e2ge de la retraite ordinaire, pour les hommes et pour les femmes, est \u00e0 65 ans. La perception de la retraite anticip\u00e9e est possible au plus t\u00f4t \u00e0 58 ans. En cas de poursuite de l&rsquo;activit\u00e9 professionnelle, un report de la retraite est possible jusqu&rsquo;\u00e0 70 ans. D\u00e8s 58 ans r\u00e9volus, il n&rsquo;y a en [&hellip;]\" \/>\n<meta property=\"og:url\" content=\"https:\/\/blvk.ch\/fr\/personnes-assurees\/documents\/tous-les-notices-dinformation\/notice-retraite\/\" \/>\n<meta property=\"og:site_name\" content=\"CACEB\" \/>\n<meta property=\"article:modified_time\" content=\"2026-01-30T09:25:02+00:00\" \/>\n<meta name=\"twitter:card\" content=\"summary_large_image\" \/>\n<meta name=\"twitter:label1\" content=\"Dur\u00e9e de lecture estim\u00e9e\" \/>\n\t<meta name=\"twitter:data1\" content=\"1 minute\" \/>\n<script type=\"application\/ld+json\" class=\"yoast-schema-graph\">{\"@context\":\"https:\/\/schema.org\",\"@graph\":[{\"@type\":\"WebPage\",\"@id\":\"https:\/\/blvk.ch\/fr\/personnes-assurees\/documents\/tous-les-notices-dinformation\/notice-retraite\/\",\"url\":\"https:\/\/blvk.ch\/fr\/personnes-assurees\/documents\/tous-les-notices-dinformation\/notice-retraite\/\",\"name\":\"Notice Retraite - CACEB\",\"isPartOf\":{\"@id\":\"https:\/\/blvk.ch\/fr\/#website\"},\"datePublished\":\"2022-09-19T10:42:10+00:00\",\"dateModified\":\"2026-01-30T09:25:02+00:00\",\"breadcrumb\":{\"@id\":\"https:\/\/blvk.ch\/fr\/personnes-assurees\/documents\/tous-les-notices-dinformation\/notice-retraite\/#breadcrumb\"},\"inLanguage\":\"fr-FR\",\"potentialAction\":[{\"@type\":\"ReadAction\",\"target\":[\"https:\/\/blvk.ch\/fr\/personnes-assurees\/documents\/tous-les-notices-dinformation\/notice-retraite\/\"]}]},{\"@type\":\"BreadcrumbList\",\"@id\":\"https:\/\/blvk.ch\/fr\/personnes-assurees\/documents\/tous-les-notices-dinformation\/notice-retraite\/#breadcrumb\",\"itemListElement\":[{\"@type\":\"ListItem\",\"position\":1,\"name\":\"Startseite\",\"item\":\"https:\/\/blvk.ch\/fr\/\"},{\"@type\":\"ListItem\",\"position\":2,\"name\":\"Personnes assur\u00e9es\",\"item\":\"https:\/\/blvk.ch\/fr\/personnes-assurees\/\"},{\"@type\":\"ListItem\",\"position\":3,\"name\":\"Documents\",\"item\":\"https:\/\/blvk.ch\/fr\/personnes-assurees\/documents\/\"},{\"@type\":\"ListItem\",\"position\":4,\"name\":\"Toutes les notices d&#8217;information\",\"item\":\"https:\/\/blvk.ch\/fr\/personnes-assurees\/documents\/tous-les-notices-dinformation\/\"},{\"@type\":\"ListItem\",\"position\":5,\"name\":\"Notice Retraite\"}]},{\"@type\":\"WebSite\",\"@id\":\"https:\/\/blvk.ch\/fr\/#website\",\"url\":\"https:\/\/blvk.ch\/fr\/\",\"name\":\"CACEB\",\"description\":\"Caisse d&#039;assurance du corps enseignant bernois\",\"publisher\":{\"@id\":\"https:\/\/blvk.ch\/fr\/#organization\"},\"potentialAction\":[{\"@type\":\"SearchAction\",\"target\":{\"@type\":\"EntryPoint\",\"urlTemplate\":\"https:\/\/blvk.ch\/fr\/?s={search_term_string}\"},\"query-input\":{\"@type\":\"PropertyValueSpecification\",\"valueRequired\":true,\"valueName\":\"search_term_string\"}}],\"inLanguage\":\"fr-FR\"},{\"@type\":\"Organization\",\"@id\":\"https:\/\/blvk.ch\/fr\/#organization\",\"name\":\"CACEB\",\"url\":\"https:\/\/blvk.ch\/fr\/\",\"logo\":{\"@type\":\"ImageObject\",\"inLanguage\":\"fr-FR\",\"@id\":\"https:\/\/blvk.ch\/fr\/#\/schema\/logo\/image\/\",\"url\":\"https:\/\/blvk.ch\/wp-content\/uploads\/2022\/10\/Logo1.png\",\"contentUrl\":\"https:\/\/blvk.ch\/wp-content\/uploads\/2022\/10\/Logo1.png\",\"width\":152,\"height\":66,\"caption\":\"CACEB\"},\"image\":{\"@id\":\"https:\/\/blvk.ch\/fr\/#\/schema\/logo\/image\/\"}}]}<\/script>\n<!-- \/ Yoast SEO plugin. -->","yoast_head_json":{"title":"Notice Retraite - CACEB","robots":{"index":"index","follow":"follow","max-snippet":"max-snippet:-1","max-image-preview":"max-image-preview:large","max-video-preview":"max-video-preview:-1"},"canonical":"https:\/\/blvk.ch\/fr\/personnes-assurees\/documents\/tous-les-notices-dinformation\/notice-retraite\/","og_locale":"fr_FR","og_type":"article","og_title":"Notice Retraite - CACEB","og_description":"L&rsquo;\u00e2ge de la retraite ordinaire, pour les hommes et pour les femmes, est \u00e0 65 ans. La perception de la retraite anticip\u00e9e est possible au plus t\u00f4t \u00e0 58 ans. En cas de poursuite de l&rsquo;activit\u00e9 professionnelle, un report de la retraite est possible jusqu&rsquo;\u00e0 70 ans. D\u00e8s 58 ans r\u00e9volus, il n&rsquo;y a en [&hellip;]","og_url":"https:\/\/blvk.ch\/fr\/personnes-assurees\/documents\/tous-les-notices-dinformation\/notice-retraite\/","og_site_name":"CACEB","article_modified_time":"2026-01-30T09:25:02+00:00","twitter_card":"summary_large_image","twitter_misc":{"Dur\u00e9e de lecture estim\u00e9e":"1 minute"},"schema":{"@context":"https:\/\/schema.org","@graph":[{"@type":"WebPage","@id":"https:\/\/blvk.ch\/fr\/personnes-assurees\/documents\/tous-les-notices-dinformation\/notice-retraite\/","url":"https:\/\/blvk.ch\/fr\/personnes-assurees\/documents\/tous-les-notices-dinformation\/notice-retraite\/","name":"Notice Retraite - CACEB","isPartOf":{"@id":"https:\/\/blvk.ch\/fr\/#website"},"datePublished":"2022-09-19T10:42:10+00:00","dateModified":"2026-01-30T09:25:02+00:00","breadcrumb":{"@id":"https:\/\/blvk.ch\/fr\/personnes-assurees\/documents\/tous-les-notices-dinformation\/notice-retraite\/#breadcrumb"},"inLanguage":"fr-FR","potentialAction":[{"@type":"ReadAction","target":["https:\/\/blvk.ch\/fr\/personnes-assurees\/documents\/tous-les-notices-dinformation\/notice-retraite\/"]}]},{"@type":"BreadcrumbList","@id":"https:\/\/blvk.ch\/fr\/personnes-assurees\/documents\/tous-les-notices-dinformation\/notice-retraite\/#breadcrumb","itemListElement":[{"@type":"ListItem","position":1,"name":"Startseite","item":"https:\/\/blvk.ch\/fr\/"},{"@type":"ListItem","position":2,"name":"Personnes assur\u00e9es","item":"https:\/\/blvk.ch\/fr\/personnes-assurees\/"},{"@type":"ListItem","position":3,"name":"Documents","item":"https:\/\/blvk.ch\/fr\/personnes-assurees\/documents\/"},{"@type":"ListItem","position":4,"name":"Toutes les notices d&#8217;information","item":"https:\/\/blvk.ch\/fr\/personnes-assurees\/documents\/tous-les-notices-dinformation\/"},{"@type":"ListItem","position":5,"name":"Notice Retraite"}]},{"@type":"WebSite","@id":"https:\/\/blvk.ch\/fr\/#website","url":"https:\/\/blvk.ch\/fr\/","name":"CACEB","description":"Caisse d&#039;assurance du corps enseignant bernois","publisher":{"@id":"https:\/\/blvk.ch\/fr\/#organization"},"potentialAction":[{"@type":"SearchAction","target":{"@type":"EntryPoint","urlTemplate":"https:\/\/blvk.ch\/fr\/?s={search_term_string}"},"query-input":{"@type":"PropertyValueSpecification","valueRequired":true,"valueName":"search_term_string"}}],"inLanguage":"fr-FR"},{"@type":"Organization","@id":"https:\/\/blvk.ch\/fr\/#organization","name":"CACEB","url":"https:\/\/blvk.ch\/fr\/","logo":{"@type":"ImageObject","inLanguage":"fr-FR","@id":"https:\/\/blvk.ch\/fr\/#\/schema\/logo\/image\/","url":"https:\/\/blvk.ch\/wp-content\/uploads\/2022\/10\/Logo1.png","contentUrl":"https:\/\/blvk.ch\/wp-content\/uploads\/2022\/10\/Logo1.png","width":152,"height":66,"caption":"CACEB"},"image":{"@id":"https:\/\/blvk.ch\/fr\/#\/schema\/logo\/image\/"}}]}},"_links":{"self":[{"href":"https:\/\/blvk.ch\/fr\/wp-json\/wp\/v2\/pages\/2643","targetHints":{"allow":["GET"]}}],"collection":[{"href":"https:\/\/blvk.ch\/fr\/wp-json\/wp\/v2\/pages"}],"about":[{"href":"https:\/\/blvk.ch\/fr\/wp-json\/wp\/v2\/types\/page"}],"author":[{"embeddable":true,"href":"https:\/\/blvk.ch\/fr\/wp-json\/wp\/v2\/users\/1"}],"replies":[{"embeddable":true,"href":"https:\/\/blvk.ch\/fr\/wp-json\/wp\/v2\/comments?post=2643"}],"version-history":[{"count":10,"href":"https:\/\/blvk.ch\/fr\/wp-json\/wp\/v2\/pages\/2643\/revisions"}],"predecessor-version":[{"id":10800,"href":"https:\/\/blvk.ch\/fr\/wp-json\/wp\/v2\/pages\/2643\/revisions\/10800"}],"up":[{"embeddable":true,"href":"https:\/\/blvk.ch\/fr\/wp-json\/wp\/v2\/pages\/2562"}],"wp:attachment":[{"href":"https:\/\/blvk.ch\/fr\/wp-json\/wp\/v2\/media?parent=2643"}],"curies":[{"name":"wp","href":"https:\/\/api.w.org\/{rel}","templated":true}]}}