{"id":2662,"date":"2022-09-06T06:56:32","date_gmt":"2022-09-06T04:56:32","guid":{"rendered":"https:\/\/blvk.dev.mxm.agency\/?page_id=2662"},"modified":"2025-06-18T17:44:33","modified_gmt":"2025-06-18T15:44:33","slug":"portail-des-employeurs","status":"publish","type":"page","link":"https:\/\/blvk.ch\/fr\/employeurs\/informations-destinees-aux-employeurs\/portail-des-employeurs\/","title":{"rendered":"Portail des employeurs"},"content":{"rendered":"<p>Dans notre portail des employeurs, vous avez la possibilit\u00e9 d\u2019annoncer par voie \u00e9lectronique les mutations de votre personnel assur\u00e9. Ici, nous adressons des factures par voie \u00e9lectronique, ce qui am\u00e9liore votre efficacit\u00e9 et pr\u00e9serve les ressources naturelles.<\/p>\n","protected":false},"excerpt":{"rendered":"<p>Dans notre portail des employeurs, vous avez la possibilit\u00e9 d\u2019annoncer par voie \u00e9lectronique les mutations de votre personnel assur\u00e9. Ici, nous adressons des factures par voie \u00e9lectronique, ce qui am\u00e9liore votre efficacit\u00e9 et pr\u00e9serve les ressources naturelles.<\/p>\n","protected":false},"author":1,"featured_media":0,"parent":2658,"menu_order":1,"comment_status":"closed","ping_status":"closed","template":"page-templates\/grundsatze-small.php","meta":{"_acf_changed":false,"inline_featured_image":false,"footnotes":""},"class_list":["post-2662","page","type-page","status-publish","hentry"],"acf":[],"yoast_head":"<!-- This site is optimized with the Yoast SEO plugin v25.4 - https:\/\/yoast.com\/wordpress\/plugins\/seo\/ -->\n<title>Portail des employeurs - CACEB<\/title>\n<meta name=\"robots\" content=\"index, follow, max-snippet:-1, max-image-preview:large, max-video-preview:-1\" \/>\n<link rel=\"canonical\" href=\"https:\/\/blvk.ch\/fr\/employeurs\/informations-destinees-aux-employeurs\/portail-des-employeurs\/\" \/>\n<meta property=\"og:locale\" content=\"fr_FR\" \/>\n<meta property=\"og:type\" content=\"article\" \/>\n<meta property=\"og:title\" content=\"Portail des employeurs - CACEB\" \/>\n<meta property=\"og:description\" content=\"Dans notre portail des employeurs, vous avez la possibilit\u00e9 d\u2019annoncer par voie \u00e9lectronique les mutations de votre personnel assur\u00e9. Ici, nous adressons des factures par voie \u00e9lectronique, ce qui am\u00e9liore votre efficacit\u00e9 et pr\u00e9serve les ressources naturelles.\" \/>\n<meta property=\"og:url\" content=\"https:\/\/blvk.ch\/fr\/employeurs\/informations-destinees-aux-employeurs\/portail-des-employeurs\/\" \/>\n<meta property=\"og:site_name\" content=\"CACEB\" \/>\n<meta property=\"article:modified_time\" content=\"2025-06-18T15:44:33+00:00\" \/>\n<meta name=\"twitter:card\" content=\"summary_large_image\" \/>\n<meta name=\"twitter:label1\" content=\"Dur\u00e9e de lecture estim\u00e9e\" \/>\n\t<meta name=\"twitter:data1\" content=\"1 minute\" \/>\n<script type=\"application\/ld+json\" class=\"yoast-schema-graph\">{\"@context\":\"https:\/\/schema.org\",\"@graph\":[{\"@type\":\"WebPage\",\"@id\":\"https:\/\/blvk.ch\/fr\/employeurs\/informations-destinees-aux-employeurs\/portail-des-employeurs\/\",\"url\":\"https:\/\/blvk.ch\/fr\/employeurs\/informations-destinees-aux-employeurs\/portail-des-employeurs\/\",\"name\":\"Portail des employeurs - CACEB\",\"isPartOf\":{\"@id\":\"https:\/\/blvk.ch\/fr\/#website\"},\"datePublished\":\"2022-09-06T04:56:32+00:00\",\"dateModified\":\"2025-06-18T15:44:33+00:00\",\"breadcrumb\":{\"@id\":\"https:\/\/blvk.ch\/fr\/employeurs\/informations-destinees-aux-employeurs\/portail-des-employeurs\/#breadcrumb\"},\"inLanguage\":\"fr-FR\",\"potentialAction\":[{\"@type\":\"ReadAction\",\"target\":[\"https:\/\/blvk.ch\/fr\/employeurs\/informations-destinees-aux-employeurs\/portail-des-employeurs\/\"]}]},{\"@type\":\"BreadcrumbList\",\"@id\":\"https:\/\/blvk.ch\/fr\/employeurs\/informations-destinees-aux-employeurs\/portail-des-employeurs\/#breadcrumb\",\"itemListElement\":[{\"@type\":\"ListItem\",\"position\":1,\"name\":\"Startseite\",\"item\":\"https:\/\/blvk.ch\/fr\/\"},{\"@type\":\"ListItem\",\"position\":2,\"name\":\"Employeurs\",\"item\":\"https:\/\/blvk.ch\/fr\/employeurs\/\"},{\"@type\":\"ListItem\",\"position\":3,\"name\":\"Informations destin\u00e9es aux employeurs\",\"item\":\"https:\/\/blvk.ch\/fr\/employeurs\/informations-destinees-aux-employeurs\/\"},{\"@type\":\"ListItem\",\"position\":4,\"name\":\"Portail des employeurs\"}]},{\"@type\":\"WebSite\",\"@id\":\"https:\/\/blvk.ch\/fr\/#website\",\"url\":\"https:\/\/blvk.ch\/fr\/\",\"name\":\"CACEB\",\"description\":\"Caisse d&#039;assurance du corps enseignant bernois\",\"publisher\":{\"@id\":\"https:\/\/blvk.ch\/fr\/#organization\"},\"potentialAction\":[{\"@type\":\"SearchAction\",\"target\":{\"@type\":\"EntryPoint\",\"urlTemplate\":\"https:\/\/blvk.ch\/fr\/?s={search_term_string}\"},\"query-input\":{\"@type\":\"PropertyValueSpecification\",\"valueRequired\":true,\"valueName\":\"search_term_string\"}}],\"inLanguage\":\"fr-FR\"},{\"@type\":\"Organization\",\"@id\":\"https:\/\/blvk.ch\/fr\/#organization\",\"name\":\"CACEB\",\"url\":\"https:\/\/blvk.ch\/fr\/\",\"logo\":{\"@type\":\"ImageObject\",\"inLanguage\":\"fr-FR\",\"@id\":\"https:\/\/blvk.ch\/fr\/#\/schema\/logo\/image\/\",\"url\":\"https:\/\/blvk.ch\/wp-content\/uploads\/2022\/10\/Logo1.png\",\"contentUrl\":\"https:\/\/blvk.ch\/wp-content\/uploads\/2022\/10\/Logo1.png\",\"width\":152,\"height\":66,\"caption\":\"CACEB\"},\"image\":{\"@id\":\"https:\/\/blvk.ch\/fr\/#\/schema\/logo\/image\/\"}}]}<\/script>\n<!-- \/ Yoast SEO plugin. -->","yoast_head_json":{"title":"Portail des employeurs - CACEB","robots":{"index":"index","follow":"follow","max-snippet":"max-snippet:-1","max-image-preview":"max-image-preview:large","max-video-preview":"max-video-preview:-1"},"canonical":"https:\/\/blvk.ch\/fr\/employeurs\/informations-destinees-aux-employeurs\/portail-des-employeurs\/","og_locale":"fr_FR","og_type":"article","og_title":"Portail des employeurs - CACEB","og_description":"Dans notre portail des employeurs, vous avez la possibilit\u00e9 d\u2019annoncer par voie \u00e9lectronique les mutations de votre personnel assur\u00e9. Ici, nous adressons des factures par voie \u00e9lectronique, ce qui am\u00e9liore votre efficacit\u00e9 et pr\u00e9serve les ressources naturelles.","og_url":"https:\/\/blvk.ch\/fr\/employeurs\/informations-destinees-aux-employeurs\/portail-des-employeurs\/","og_site_name":"CACEB","article_modified_time":"2025-06-18T15:44:33+00:00","twitter_card":"summary_large_image","twitter_misc":{"Dur\u00e9e de lecture estim\u00e9e":"1 minute"},"schema":{"@context":"https:\/\/schema.org","@graph":[{"@type":"WebPage","@id":"https:\/\/blvk.ch\/fr\/employeurs\/informations-destinees-aux-employeurs\/portail-des-employeurs\/","url":"https:\/\/blvk.ch\/fr\/employeurs\/informations-destinees-aux-employeurs\/portail-des-employeurs\/","name":"Portail des employeurs - CACEB","isPartOf":{"@id":"https:\/\/blvk.ch\/fr\/#website"},"datePublished":"2022-09-06T04:56:32+00:00","dateModified":"2025-06-18T15:44:33+00:00","breadcrumb":{"@id":"https:\/\/blvk.ch\/fr\/employeurs\/informations-destinees-aux-employeurs\/portail-des-employeurs\/#breadcrumb"},"inLanguage":"fr-FR","potentialAction":[{"@type":"ReadAction","target":["https:\/\/blvk.ch\/fr\/employeurs\/informations-destinees-aux-employeurs\/portail-des-employeurs\/"]}]},{"@type":"BreadcrumbList","@id":"https:\/\/blvk.ch\/fr\/employeurs\/informations-destinees-aux-employeurs\/portail-des-employeurs\/#breadcrumb","itemListElement":[{"@type":"ListItem","position":1,"name":"Startseite","item":"https:\/\/blvk.ch\/fr\/"},{"@type":"ListItem","position":2,"name":"Employeurs","item":"https:\/\/blvk.ch\/fr\/employeurs\/"},{"@type":"ListItem","position":3,"name":"Informations destin\u00e9es aux employeurs","item":"https:\/\/blvk.ch\/fr\/employeurs\/informations-destinees-aux-employeurs\/"},{"@type":"ListItem","position":4,"name":"Portail des employeurs"}]},{"@type":"WebSite","@id":"https:\/\/blvk.ch\/fr\/#website","url":"https:\/\/blvk.ch\/fr\/","name":"CACEB","description":"Caisse d&#039;assurance du corps enseignant bernois","publisher":{"@id":"https:\/\/blvk.ch\/fr\/#organization"},"potentialAction":[{"@type":"SearchAction","target":{"@type":"EntryPoint","urlTemplate":"https:\/\/blvk.ch\/fr\/?s={search_term_string}"},"query-input":{"@type":"PropertyValueSpecification","valueRequired":true,"valueName":"search_term_string"}}],"inLanguage":"fr-FR"},{"@type":"Organization","@id":"https:\/\/blvk.ch\/fr\/#organization","name":"CACEB","url":"https:\/\/blvk.ch\/fr\/","logo":{"@type":"ImageObject","inLanguage":"fr-FR","@id":"https:\/\/blvk.ch\/fr\/#\/schema\/logo\/image\/","url":"https:\/\/blvk.ch\/wp-content\/uploads\/2022\/10\/Logo1.png","contentUrl":"https:\/\/blvk.ch\/wp-content\/uploads\/2022\/10\/Logo1.png","width":152,"height":66,"caption":"CACEB"},"image":{"@id":"https:\/\/blvk.ch\/fr\/#\/schema\/logo\/image\/"}}]}},"_links":{"self":[{"href":"https:\/\/blvk.ch\/fr\/wp-json\/wp\/v2\/pages\/2662","targetHints":{"allow":["GET"]}}],"collection":[{"href":"https:\/\/blvk.ch\/fr\/wp-json\/wp\/v2\/pages"}],"about":[{"href":"https:\/\/blvk.ch\/fr\/wp-json\/wp\/v2\/types\/page"}],"author":[{"embeddable":true,"href":"https:\/\/blvk.ch\/fr\/wp-json\/wp\/v2\/users\/1"}],"replies":[{"embeddable":true,"href":"https:\/\/blvk.ch\/fr\/wp-json\/wp\/v2\/comments?post=2662"}],"version-history":[{"count":15,"href":"https:\/\/blvk.ch\/fr\/wp-json\/wp\/v2\/pages\/2662\/revisions"}],"predecessor-version":[{"id":9502,"href":"https:\/\/blvk.ch\/fr\/wp-json\/wp\/v2\/pages\/2662\/revisions\/9502"}],"up":[{"embeddable":true,"href":"https:\/\/blvk.ch\/fr\/wp-json\/wp\/v2\/pages\/2658"}],"wp:attachment":[{"href":"https:\/\/blvk.ch\/fr\/wp-json\/wp\/v2\/media?parent=2662"}],"curies":[{"name":"wp","href":"https:\/\/api.w.org\/{rel}","templated":true}]}}