{"id":2671,"date":"2022-09-06T06:58:33","date_gmt":"2022-09-06T04:58:33","guid":{"rendered":"https:\/\/blvk.dev.mxm.agency\/?page_id=2671"},"modified":"2025-11-28T15:36:52","modified_gmt":"2025-11-28T14:36:52","slug":"nexus","status":"publish","type":"page","link":"https:\/\/blvk.ch\/fr\/employeurs\/publications\/nexus\/","title":{"rendered":"Nexus"},"content":{"rendered":"<p>Deux fois l\u2019an, dans la newsletter Nexus, la CACEB communique les nouveaut\u00e9s et les informations de fond aux personnes assur\u00e9es et aux b\u00e9n\u00e9ficiaires d\u2019une rente. D\u00e9couvrez ici toutes les \u00e9ditions de la newsletter Nexus.<\/p>\n","protected":false},"excerpt":{"rendered":"<p>Deux fois l\u2019an, dans la newsletter Nexus, la CACEB communique les nouveaut\u00e9s et les informations de fond aux personnes assur\u00e9es et aux b\u00e9n\u00e9ficiaires d\u2019une rente. D\u00e9couvrez ici toutes les \u00e9ditions de la newsletter Nexus.<\/p>\n","protected":false},"author":1,"featured_media":0,"parent":9554,"menu_order":2,"comment_status":"closed","ping_status":"closed","template":"page-templates\/grundsatze-small-inverted.php","meta":{"_acf_changed":false,"inline_featured_image":false,"footnotes":""},"class_list":["post-2671","page","type-page","status-publish","hentry"],"acf":[],"yoast_head":"<!-- This site is optimized with the Yoast SEO plugin v25.4 - https:\/\/yoast.com\/wordpress\/plugins\/seo\/ -->\n<title>Nexus - CACEB<\/title>\n<meta name=\"robots\" content=\"index, follow, max-snippet:-1, max-image-preview:large, max-video-preview:-1\" \/>\n<link rel=\"canonical\" href=\"https:\/\/blvk.ch\/fr\/employeurs\/publications\/nexus\/\" \/>\n<meta property=\"og:locale\" content=\"fr_FR\" \/>\n<meta property=\"og:type\" content=\"article\" \/>\n<meta property=\"og:title\" content=\"Nexus - CACEB\" \/>\n<meta property=\"og:description\" content=\"Deux fois l\u2019an, dans la newsletter Nexus, la CACEB communique les nouveaut\u00e9s et les informations de fond aux personnes assur\u00e9es et aux b\u00e9n\u00e9ficiaires d\u2019une rente. D\u00e9couvrez ici toutes les \u00e9ditions de la newsletter Nexus.\" \/>\n<meta property=\"og:url\" content=\"https:\/\/blvk.ch\/fr\/employeurs\/publications\/nexus\/\" \/>\n<meta property=\"og:site_name\" content=\"CACEB\" \/>\n<meta property=\"article:modified_time\" content=\"2025-11-28T14:36:52+00:00\" \/>\n<meta name=\"twitter:card\" content=\"summary_large_image\" \/>\n<meta name=\"twitter:label1\" content=\"Dur\u00e9e de lecture estim\u00e9e\" \/>\n\t<meta name=\"twitter:data1\" content=\"1 minute\" \/>\n<script type=\"application\/ld+json\" class=\"yoast-schema-graph\">{\"@context\":\"https:\/\/schema.org\",\"@graph\":[{\"@type\":\"WebPage\",\"@id\":\"https:\/\/blvk.ch\/fr\/employeurs\/publications\/nexus\/\",\"url\":\"https:\/\/blvk.ch\/fr\/employeurs\/publications\/nexus\/\",\"name\":\"Nexus - CACEB\",\"isPartOf\":{\"@id\":\"https:\/\/blvk.ch\/fr\/#website\"},\"datePublished\":\"2022-09-06T04:58:33+00:00\",\"dateModified\":\"2025-11-28T14:36:52+00:00\",\"breadcrumb\":{\"@id\":\"https:\/\/blvk.ch\/fr\/employeurs\/publications\/nexus\/#breadcrumb\"},\"inLanguage\":\"fr-FR\",\"potentialAction\":[{\"@type\":\"ReadAction\",\"target\":[\"https:\/\/blvk.ch\/fr\/employeurs\/publications\/nexus\/\"]}]},{\"@type\":\"BreadcrumbList\",\"@id\":\"https:\/\/blvk.ch\/fr\/employeurs\/publications\/nexus\/#breadcrumb\",\"itemListElement\":[{\"@type\":\"ListItem\",\"position\":1,\"name\":\"Startseite\",\"item\":\"https:\/\/blvk.ch\/fr\/\"},{\"@type\":\"ListItem\",\"position\":2,\"name\":\"Employeurs\",\"item\":\"https:\/\/blvk.ch\/fr\/employeurs\/\"},{\"@type\":\"ListItem\",\"position\":3,\"name\":\"Publications\",\"item\":\"https:\/\/blvk.ch\/fr\/employeurs\/publications\/\"},{\"@type\":\"ListItem\",\"position\":4,\"name\":\"Nexus\"}]},{\"@type\":\"WebSite\",\"@id\":\"https:\/\/blvk.ch\/fr\/#website\",\"url\":\"https:\/\/blvk.ch\/fr\/\",\"name\":\"CACEB\",\"description\":\"Caisse d&#039;assurance du corps enseignant bernois\",\"publisher\":{\"@id\":\"https:\/\/blvk.ch\/fr\/#organization\"},\"potentialAction\":[{\"@type\":\"SearchAction\",\"target\":{\"@type\":\"EntryPoint\",\"urlTemplate\":\"https:\/\/blvk.ch\/fr\/?s={search_term_string}\"},\"query-input\":{\"@type\":\"PropertyValueSpecification\",\"valueRequired\":true,\"valueName\":\"search_term_string\"}}],\"inLanguage\":\"fr-FR\"},{\"@type\":\"Organization\",\"@id\":\"https:\/\/blvk.ch\/fr\/#organization\",\"name\":\"CACEB\",\"url\":\"https:\/\/blvk.ch\/fr\/\",\"logo\":{\"@type\":\"ImageObject\",\"inLanguage\":\"fr-FR\",\"@id\":\"https:\/\/blvk.ch\/fr\/#\/schema\/logo\/image\/\",\"url\":\"https:\/\/blvk.ch\/wp-content\/uploads\/2022\/10\/Logo1.png\",\"contentUrl\":\"https:\/\/blvk.ch\/wp-content\/uploads\/2022\/10\/Logo1.png\",\"width\":152,\"height\":66,\"caption\":\"CACEB\"},\"image\":{\"@id\":\"https:\/\/blvk.ch\/fr\/#\/schema\/logo\/image\/\"}}]}<\/script>\n<!-- \/ Yoast SEO plugin. -->","yoast_head_json":{"title":"Nexus - CACEB","robots":{"index":"index","follow":"follow","max-snippet":"max-snippet:-1","max-image-preview":"max-image-preview:large","max-video-preview":"max-video-preview:-1"},"canonical":"https:\/\/blvk.ch\/fr\/employeurs\/publications\/nexus\/","og_locale":"fr_FR","og_type":"article","og_title":"Nexus - CACEB","og_description":"Deux fois l\u2019an, dans la newsletter Nexus, la CACEB communique les nouveaut\u00e9s et les informations de fond aux personnes assur\u00e9es et aux b\u00e9n\u00e9ficiaires d\u2019une rente. D\u00e9couvrez ici toutes les \u00e9ditions de la newsletter Nexus.","og_url":"https:\/\/blvk.ch\/fr\/employeurs\/publications\/nexus\/","og_site_name":"CACEB","article_modified_time":"2025-11-28T14:36:52+00:00","twitter_card":"summary_large_image","twitter_misc":{"Dur\u00e9e de lecture estim\u00e9e":"1 minute"},"schema":{"@context":"https:\/\/schema.org","@graph":[{"@type":"WebPage","@id":"https:\/\/blvk.ch\/fr\/employeurs\/publications\/nexus\/","url":"https:\/\/blvk.ch\/fr\/employeurs\/publications\/nexus\/","name":"Nexus - CACEB","isPartOf":{"@id":"https:\/\/blvk.ch\/fr\/#website"},"datePublished":"2022-09-06T04:58:33+00:00","dateModified":"2025-11-28T14:36:52+00:00","breadcrumb":{"@id":"https:\/\/blvk.ch\/fr\/employeurs\/publications\/nexus\/#breadcrumb"},"inLanguage":"fr-FR","potentialAction":[{"@type":"ReadAction","target":["https:\/\/blvk.ch\/fr\/employeurs\/publications\/nexus\/"]}]},{"@type":"BreadcrumbList","@id":"https:\/\/blvk.ch\/fr\/employeurs\/publications\/nexus\/#breadcrumb","itemListElement":[{"@type":"ListItem","position":1,"name":"Startseite","item":"https:\/\/blvk.ch\/fr\/"},{"@type":"ListItem","position":2,"name":"Employeurs","item":"https:\/\/blvk.ch\/fr\/employeurs\/"},{"@type":"ListItem","position":3,"name":"Publications","item":"https:\/\/blvk.ch\/fr\/employeurs\/publications\/"},{"@type":"ListItem","position":4,"name":"Nexus"}]},{"@type":"WebSite","@id":"https:\/\/blvk.ch\/fr\/#website","url":"https:\/\/blvk.ch\/fr\/","name":"CACEB","description":"Caisse d&#039;assurance du corps enseignant bernois","publisher":{"@id":"https:\/\/blvk.ch\/fr\/#organization"},"potentialAction":[{"@type":"SearchAction","target":{"@type":"EntryPoint","urlTemplate":"https:\/\/blvk.ch\/fr\/?s={search_term_string}"},"query-input":{"@type":"PropertyValueSpecification","valueRequired":true,"valueName":"search_term_string"}}],"inLanguage":"fr-FR"},{"@type":"Organization","@id":"https:\/\/blvk.ch\/fr\/#organization","name":"CACEB","url":"https:\/\/blvk.ch\/fr\/","logo":{"@type":"ImageObject","inLanguage":"fr-FR","@id":"https:\/\/blvk.ch\/fr\/#\/schema\/logo\/image\/","url":"https:\/\/blvk.ch\/wp-content\/uploads\/2022\/10\/Logo1.png","contentUrl":"https:\/\/blvk.ch\/wp-content\/uploads\/2022\/10\/Logo1.png","width":152,"height":66,"caption":"CACEB"},"image":{"@id":"https:\/\/blvk.ch\/fr\/#\/schema\/logo\/image\/"}}]}},"_links":{"self":[{"href":"https:\/\/blvk.ch\/fr\/wp-json\/wp\/v2\/pages\/2671","targetHints":{"allow":["GET"]}}],"collection":[{"href":"https:\/\/blvk.ch\/fr\/wp-json\/wp\/v2\/pages"}],"about":[{"href":"https:\/\/blvk.ch\/fr\/wp-json\/wp\/v2\/types\/page"}],"author":[{"embeddable":true,"href":"https:\/\/blvk.ch\/fr\/wp-json\/wp\/v2\/users\/1"}],"replies":[{"embeddable":true,"href":"https:\/\/blvk.ch\/fr\/wp-json\/wp\/v2\/comments?post=2671"}],"version-history":[{"count":39,"href":"https:\/\/blvk.ch\/fr\/wp-json\/wp\/v2\/pages\/2671\/revisions"}],"predecessor-version":[{"id":10659,"href":"https:\/\/blvk.ch\/fr\/wp-json\/wp\/v2\/pages\/2671\/revisions\/10659"}],"up":[{"embeddable":true,"href":"https:\/\/blvk.ch\/fr\/wp-json\/wp\/v2\/pages\/9554"}],"wp:attachment":[{"href":"https:\/\/blvk.ch\/fr\/wp-json\/wp\/v2\/media?parent=2671"}],"curies":[{"name":"wp","href":"https:\/\/api.w.org\/{rel}","templated":true}]}}