{"id":2707,"date":"2022-07-26T11:37:58","date_gmt":"2022-07-26T09:37:58","guid":{"rendered":"https:\/\/blvk.dev.mxm.agency\/?page_id=2707"},"modified":"2025-07-04T10:07:47","modified_gmt":"2025-07-04T08:07:47","slug":"actualites","status":"publish","type":"page","link":"https:\/\/blvk.ch\/fr\/la-caceb\/actualites\/","title":{"rendered":"Actualit\u00e9s"},"content":{"rendered":"<p><strong>\u00c9lection de remplacement \u00e0 la commission administrative <\/strong><\/p>\n<p>Le 8 juin 2022, l\u2019assembl\u00e9e des d\u00e9l\u00e9gu\u00e9s de la CACEB a \u00e9lu Christian Robert, vice-pr\u00e9sident de Formation Berne, comme repr\u00e9sentant du personnel salari\u00e9 dans la commission administrative pour le reste du mandat en cours, soit du 1<sup>er<\/sup> ao\u00fbt 2022 au 31 juillet 2025.<\/p>\n<p>&nbsp;<\/p>\n<p>Dans le m\u00eame temps, l\u2019AD a \u00e9lu Eunice Ares, Berne, en tant que secr\u00e9taire de l\u2019assembl\u00e9e des d\u00e9l\u00e9gu\u00e9s pour le reste de la p\u00e9riode de fonction en cours. Nous les f\u00e9licitons tous les deux pour leur \u00e9lection et nous nous r\u00e9jouissons de d\u00e9velopper avec eux une collaboration constructive.<\/p>\n","protected":false},"excerpt":{"rendered":"<p>\u00c9lection de remplacement \u00e0 la commission administrative Le 8 juin 2022, l\u2019assembl\u00e9e des d\u00e9l\u00e9gu\u00e9s de la CACEB a \u00e9lu Christian Robert, vice-pr\u00e9sident de Formation Berne, comme repr\u00e9sentant du personnel salari\u00e9 dans la commission administrative pour le reste du mandat en cours, soit du 1er ao\u00fbt 2022 au 31 juillet 2025. &nbsp; Dans le m\u00eame temps, [&hellip;]<\/p>\n","protected":false},"author":1,"featured_media":0,"parent":3062,"menu_order":0,"comment_status":"closed","ping_status":"closed","template":"page-templates\/post-archive.php","meta":{"_acf_changed":false,"inline_featured_image":false,"footnotes":""},"class_list":["post-2707","page","type-page","status-publish","hentry"],"acf":[],"yoast_head":"<!-- This site is optimized with the Yoast SEO plugin v25.4 - https:\/\/yoast.com\/wordpress\/plugins\/seo\/ -->\n<title>Actualit\u00e9s - CACEB<\/title>\n<meta name=\"robots\" content=\"index, follow, max-snippet:-1, max-image-preview:large, max-video-preview:-1\" \/>\n<link rel=\"canonical\" href=\"https:\/\/blvk.ch\/fr\/la-caceb\/actualites\/\" \/>\n<meta property=\"og:locale\" content=\"fr_FR\" \/>\n<meta property=\"og:type\" content=\"article\" \/>\n<meta property=\"og:title\" content=\"Actualit\u00e9s - CACEB\" \/>\n<meta property=\"og:description\" content=\"\u00c9lection de remplacement \u00e0 la commission administrative Le 8 juin 2022, l\u2019assembl\u00e9e des d\u00e9l\u00e9gu\u00e9s de la CACEB a \u00e9lu Christian Robert, vice-pr\u00e9sident de Formation Berne, comme repr\u00e9sentant du personnel salari\u00e9 dans la commission administrative pour le reste du mandat en cours, soit du 1er ao\u00fbt 2022 au 31 juillet 2025. &nbsp; Dans le m\u00eame temps, [&hellip;]\" \/>\n<meta property=\"og:url\" content=\"https:\/\/blvk.ch\/fr\/la-caceb\/actualites\/\" \/>\n<meta property=\"og:site_name\" content=\"CACEB\" \/>\n<meta property=\"article:modified_time\" content=\"2025-07-04T08:07:47+00:00\" \/>\n<meta name=\"twitter:card\" content=\"summary_large_image\" \/>\n<meta name=\"twitter:label1\" content=\"Dur\u00e9e de lecture estim\u00e9e\" \/>\n\t<meta name=\"twitter:data1\" content=\"1 minute\" \/>\n<script type=\"application\/ld+json\" class=\"yoast-schema-graph\">{\"@context\":\"https:\/\/schema.org\",\"@graph\":[{\"@type\":\"WebPage\",\"@id\":\"https:\/\/blvk.ch\/fr\/la-caceb\/actualites\/\",\"url\":\"https:\/\/blvk.ch\/fr\/la-caceb\/actualites\/\",\"name\":\"Actualit\u00e9s - CACEB\",\"isPartOf\":{\"@id\":\"https:\/\/blvk.ch\/fr\/#website\"},\"datePublished\":\"2022-07-26T09:37:58+00:00\",\"dateModified\":\"2025-07-04T08:07:47+00:00\",\"breadcrumb\":{\"@id\":\"https:\/\/blvk.ch\/fr\/la-caceb\/actualites\/#breadcrumb\"},\"inLanguage\":\"fr-FR\",\"potentialAction\":[{\"@type\":\"ReadAction\",\"target\":[\"https:\/\/blvk.ch\/fr\/la-caceb\/actualites\/\"]}]},{\"@type\":\"BreadcrumbList\",\"@id\":\"https:\/\/blvk.ch\/fr\/la-caceb\/actualites\/#breadcrumb\",\"itemListElement\":[{\"@type\":\"ListItem\",\"position\":1,\"name\":\"Startseite\",\"item\":\"https:\/\/blvk.ch\/fr\/\"},{\"@type\":\"ListItem\",\"position\":2,\"name\":\"La CACEB\",\"item\":\"https:\/\/blvk.ch\/fr\/la-caceb\/\"},{\"@type\":\"ListItem\",\"position\":3,\"name\":\"Actualit\u00e9s\"}]},{\"@type\":\"WebSite\",\"@id\":\"https:\/\/blvk.ch\/fr\/#website\",\"url\":\"https:\/\/blvk.ch\/fr\/\",\"name\":\"CACEB\",\"description\":\"Caisse d&#039;assurance du corps enseignant bernois\",\"publisher\":{\"@id\":\"https:\/\/blvk.ch\/fr\/#organization\"},\"potentialAction\":[{\"@type\":\"SearchAction\",\"target\":{\"@type\":\"EntryPoint\",\"urlTemplate\":\"https:\/\/blvk.ch\/fr\/?s={search_term_string}\"},\"query-input\":{\"@type\":\"PropertyValueSpecification\",\"valueRequired\":true,\"valueName\":\"search_term_string\"}}],\"inLanguage\":\"fr-FR\"},{\"@type\":\"Organization\",\"@id\":\"https:\/\/blvk.ch\/fr\/#organization\",\"name\":\"CACEB\",\"url\":\"https:\/\/blvk.ch\/fr\/\",\"logo\":{\"@type\":\"ImageObject\",\"inLanguage\":\"fr-FR\",\"@id\":\"https:\/\/blvk.ch\/fr\/#\/schema\/logo\/image\/\",\"url\":\"https:\/\/blvk.ch\/wp-content\/uploads\/2022\/10\/Logo1.png\",\"contentUrl\":\"https:\/\/blvk.ch\/wp-content\/uploads\/2022\/10\/Logo1.png\",\"width\":152,\"height\":66,\"caption\":\"CACEB\"},\"image\":{\"@id\":\"https:\/\/blvk.ch\/fr\/#\/schema\/logo\/image\/\"}}]}<\/script>\n<!-- \/ Yoast SEO plugin. -->","yoast_head_json":{"title":"Actualit\u00e9s - CACEB","robots":{"index":"index","follow":"follow","max-snippet":"max-snippet:-1","max-image-preview":"max-image-preview:large","max-video-preview":"max-video-preview:-1"},"canonical":"https:\/\/blvk.ch\/fr\/la-caceb\/actualites\/","og_locale":"fr_FR","og_type":"article","og_title":"Actualit\u00e9s - CACEB","og_description":"\u00c9lection de remplacement \u00e0 la commission administrative Le 8 juin 2022, l\u2019assembl\u00e9e des d\u00e9l\u00e9gu\u00e9s de la CACEB a \u00e9lu Christian Robert, vice-pr\u00e9sident de Formation Berne, comme repr\u00e9sentant du personnel salari\u00e9 dans la commission administrative pour le reste du mandat en cours, soit du 1er ao\u00fbt 2022 au 31 juillet 2025. &nbsp; Dans le m\u00eame temps, [&hellip;]","og_url":"https:\/\/blvk.ch\/fr\/la-caceb\/actualites\/","og_site_name":"CACEB","article_modified_time":"2025-07-04T08:07:47+00:00","twitter_card":"summary_large_image","twitter_misc":{"Dur\u00e9e de lecture estim\u00e9e":"1 minute"},"schema":{"@context":"https:\/\/schema.org","@graph":[{"@type":"WebPage","@id":"https:\/\/blvk.ch\/fr\/la-caceb\/actualites\/","url":"https:\/\/blvk.ch\/fr\/la-caceb\/actualites\/","name":"Actualit\u00e9s - CACEB","isPartOf":{"@id":"https:\/\/blvk.ch\/fr\/#website"},"datePublished":"2022-07-26T09:37:58+00:00","dateModified":"2025-07-04T08:07:47+00:00","breadcrumb":{"@id":"https:\/\/blvk.ch\/fr\/la-caceb\/actualites\/#breadcrumb"},"inLanguage":"fr-FR","potentialAction":[{"@type":"ReadAction","target":["https:\/\/blvk.ch\/fr\/la-caceb\/actualites\/"]}]},{"@type":"BreadcrumbList","@id":"https:\/\/blvk.ch\/fr\/la-caceb\/actualites\/#breadcrumb","itemListElement":[{"@type":"ListItem","position":1,"name":"Startseite","item":"https:\/\/blvk.ch\/fr\/"},{"@type":"ListItem","position":2,"name":"La CACEB","item":"https:\/\/blvk.ch\/fr\/la-caceb\/"},{"@type":"ListItem","position":3,"name":"Actualit\u00e9s"}]},{"@type":"WebSite","@id":"https:\/\/blvk.ch\/fr\/#website","url":"https:\/\/blvk.ch\/fr\/","name":"CACEB","description":"Caisse d&#039;assurance du corps enseignant bernois","publisher":{"@id":"https:\/\/blvk.ch\/fr\/#organization"},"potentialAction":[{"@type":"SearchAction","target":{"@type":"EntryPoint","urlTemplate":"https:\/\/blvk.ch\/fr\/?s={search_term_string}"},"query-input":{"@type":"PropertyValueSpecification","valueRequired":true,"valueName":"search_term_string"}}],"inLanguage":"fr-FR"},{"@type":"Organization","@id":"https:\/\/blvk.ch\/fr\/#organization","name":"CACEB","url":"https:\/\/blvk.ch\/fr\/","logo":{"@type":"ImageObject","inLanguage":"fr-FR","@id":"https:\/\/blvk.ch\/fr\/#\/schema\/logo\/image\/","url":"https:\/\/blvk.ch\/wp-content\/uploads\/2022\/10\/Logo1.png","contentUrl":"https:\/\/blvk.ch\/wp-content\/uploads\/2022\/10\/Logo1.png","width":152,"height":66,"caption":"CACEB"},"image":{"@id":"https:\/\/blvk.ch\/fr\/#\/schema\/logo\/image\/"}}]}},"_links":{"self":[{"href":"https:\/\/blvk.ch\/fr\/wp-json\/wp\/v2\/pages\/2707","targetHints":{"allow":["GET"]}}],"collection":[{"href":"https:\/\/blvk.ch\/fr\/wp-json\/wp\/v2\/pages"}],"about":[{"href":"https:\/\/blvk.ch\/fr\/wp-json\/wp\/v2\/types\/page"}],"author":[{"embeddable":true,"href":"https:\/\/blvk.ch\/fr\/wp-json\/wp\/v2\/users\/1"}],"replies":[{"embeddable":true,"href":"https:\/\/blvk.ch\/fr\/wp-json\/wp\/v2\/comments?post=2707"}],"version-history":[{"count":6,"href":"https:\/\/blvk.ch\/fr\/wp-json\/wp\/v2\/pages\/2707\/revisions"}],"predecessor-version":[{"id":10049,"href":"https:\/\/blvk.ch\/fr\/wp-json\/wp\/v2\/pages\/2707\/revisions\/10049"}],"up":[{"embeddable":true,"href":"https:\/\/blvk.ch\/fr\/wp-json\/wp\/v2\/pages\/3062"}],"wp:attachment":[{"href":"https:\/\/blvk.ch\/fr\/wp-json\/wp\/v2\/media?parent=2707"}],"curies":[{"name":"wp","href":"https:\/\/api.w.org\/{rel}","templated":true}]}}