{"id":2914,"date":"2022-09-19T14:15:12","date_gmt":"2022-09-19T12:15:12","guid":{"rendered":"https:\/\/blvk.dev.mxm.agency\/?page_id=2914"},"modified":"2025-06-27T14:04:04","modified_gmt":"2025-06-27T12:04:04","slug":"formulaire-renonciation-tolerance","status":"publish","type":"page","link":"https:\/\/blvk.ch\/fr\/personnes-assurees\/documents\/tous-les-formulaires\/formulaire-renonciation-tolerance\/","title":{"rendered":"Formulaire Renonciation tol\u00e9rance"},"content":{"rendered":"<p>Si le taux d\u2019occupation est r\u00e9duit de 12,5% au maximum, ind\u00e9pendamment du temps de travail actuel, le traitement assur\u00e9 le plus \u00e9lev\u00e9 reste couvert, les postes \u00e0 temps partiel \u00e9tant additionn\u00e9s. La diff\u00e9rence entre le taux d\u2019occupation assur\u00e9 et r\u00e9mun\u00e9r\u00e9 est d\u00e9terminante pour le calcul de la r\u00e9duction.<\/p>\n<p>Dans les 60 jours \u00e0 dater du changement de taux d\u2019occupation, la personne assur\u00e9e peut d\u00e9poser une requ\u00eate \u00e9crite d\u2019adaptation au taux d\u2019occupation effectif.<\/p>\n<p>Si le traitement assur\u00e9 reste inchang\u00e9 durant quatre semestres sans \u00e9gard \u00e0 la tol\u00e9rance, l\u2019assurance est adapt\u00e9e au taux d\u2019occupation effectif.<\/p>\n<p>Le taux d\u2019occupation d\u2019origine lors du premier abaissement du taux d\u2019occupation constitue toujours la base pour le calcul.<\/p>\n<p><strong>\u00a0<\/strong><\/p>\n<p><strong>Formulaire D\u00e9claration de renonciation<\/strong><\/p>\n<p><strong>\u00a0<\/strong><\/p>\n","protected":false},"excerpt":{"rendered":"<p>Si le taux d\u2019occupation est r\u00e9duit de 12,5% au maximum, ind\u00e9pendamment du temps de travail actuel, le traitement assur\u00e9 le plus \u00e9lev\u00e9 reste couvert, les postes \u00e0 temps partiel \u00e9tant additionn\u00e9s. La diff\u00e9rence entre le taux d\u2019occupation assur\u00e9 et r\u00e9mun\u00e9r\u00e9 est d\u00e9terminante pour le calcul de la r\u00e9duction. Dans les 60 jours \u00e0 dater du [&hellip;]<\/p>\n","protected":false},"author":1,"featured_media":0,"parent":1905,"menu_order":0,"comment_status":"closed","ping_status":"closed","template":"page-templates\/iframe-page.php","meta":{"_acf_changed":false,"inline_featured_image":false,"footnotes":""},"class_list":["post-2914","page","type-page","status-publish","hentry"],"acf":[],"yoast_head":"<!-- This site is optimized with the Yoast SEO plugin v25.4 - https:\/\/yoast.com\/wordpress\/plugins\/seo\/ -->\n<title>Formulaire Renonciation tol\u00e9rance - CACEB<\/title>\n<meta name=\"robots\" content=\"index, follow, max-snippet:-1, max-image-preview:large, max-video-preview:-1\" \/>\n<link rel=\"canonical\" href=\"https:\/\/blvk.ch\/fr\/personnes-assurees\/documents\/tous-les-formulaires\/formulaire-renonciation-tolerance\/\" \/>\n<meta property=\"og:locale\" content=\"fr_FR\" \/>\n<meta property=\"og:type\" content=\"article\" \/>\n<meta property=\"og:title\" content=\"Formulaire Renonciation tol\u00e9rance - CACEB\" \/>\n<meta property=\"og:description\" content=\"Si le taux d\u2019occupation est r\u00e9duit de 12,5% au maximum, ind\u00e9pendamment du temps de travail actuel, le traitement assur\u00e9 le plus \u00e9lev\u00e9 reste couvert, les postes \u00e0 temps partiel \u00e9tant additionn\u00e9s. La diff\u00e9rence entre le taux d\u2019occupation assur\u00e9 et r\u00e9mun\u00e9r\u00e9 est d\u00e9terminante pour le calcul de la r\u00e9duction. Dans les 60 jours \u00e0 dater du [&hellip;]\" \/>\n<meta property=\"og:url\" content=\"https:\/\/blvk.ch\/fr\/personnes-assurees\/documents\/tous-les-formulaires\/formulaire-renonciation-tolerance\/\" \/>\n<meta property=\"og:site_name\" content=\"CACEB\" \/>\n<meta property=\"article:modified_time\" content=\"2025-06-27T12:04:04+00:00\" \/>\n<meta name=\"twitter:card\" content=\"summary_large_image\" \/>\n<meta name=\"twitter:label1\" content=\"Dur\u00e9e de lecture estim\u00e9e\" \/>\n\t<meta name=\"twitter:data1\" content=\"1 minute\" \/>\n<script type=\"application\/ld+json\" class=\"yoast-schema-graph\">{\"@context\":\"https:\/\/schema.org\",\"@graph\":[{\"@type\":\"WebPage\",\"@id\":\"https:\/\/blvk.ch\/fr\/personnes-assurees\/documents\/tous-les-formulaires\/formulaire-renonciation-tolerance\/\",\"url\":\"https:\/\/blvk.ch\/fr\/personnes-assurees\/documents\/tous-les-formulaires\/formulaire-renonciation-tolerance\/\",\"name\":\"Formulaire Renonciation tol\u00e9rance - CACEB\",\"isPartOf\":{\"@id\":\"https:\/\/blvk.ch\/fr\/#website\"},\"datePublished\":\"2022-09-19T12:15:12+00:00\",\"dateModified\":\"2025-06-27T12:04:04+00:00\",\"breadcrumb\":{\"@id\":\"https:\/\/blvk.ch\/fr\/personnes-assurees\/documents\/tous-les-formulaires\/formulaire-renonciation-tolerance\/#breadcrumb\"},\"inLanguage\":\"fr-FR\",\"potentialAction\":[{\"@type\":\"ReadAction\",\"target\":[\"https:\/\/blvk.ch\/fr\/personnes-assurees\/documents\/tous-les-formulaires\/formulaire-renonciation-tolerance\/\"]}]},{\"@type\":\"BreadcrumbList\",\"@id\":\"https:\/\/blvk.ch\/fr\/personnes-assurees\/documents\/tous-les-formulaires\/formulaire-renonciation-tolerance\/#breadcrumb\",\"itemListElement\":[{\"@type\":\"ListItem\",\"position\":1,\"name\":\"Startseite\",\"item\":\"https:\/\/blvk.ch\/fr\/\"},{\"@type\":\"ListItem\",\"position\":2,\"name\":\"Personnes assur\u00e9es\",\"item\":\"https:\/\/blvk.ch\/fr\/personnes-assurees\/\"},{\"@type\":\"ListItem\",\"position\":3,\"name\":\"Documents\",\"item\":\"https:\/\/blvk.ch\/fr\/personnes-assurees\/documents\/\"},{\"@type\":\"ListItem\",\"position\":4,\"name\":\"Tous les formulaires\",\"item\":\"https:\/\/blvk.ch\/fr\/personnes-assurees\/documents\/tous-les-formulaires\/\"},{\"@type\":\"ListItem\",\"position\":5,\"name\":\"Formulaire Renonciation tol\u00e9rance\"}]},{\"@type\":\"WebSite\",\"@id\":\"https:\/\/blvk.ch\/fr\/#website\",\"url\":\"https:\/\/blvk.ch\/fr\/\",\"name\":\"CACEB\",\"description\":\"Caisse d&#039;assurance du corps enseignant bernois\",\"publisher\":{\"@id\":\"https:\/\/blvk.ch\/fr\/#organization\"},\"potentialAction\":[{\"@type\":\"SearchAction\",\"target\":{\"@type\":\"EntryPoint\",\"urlTemplate\":\"https:\/\/blvk.ch\/fr\/?s={search_term_string}\"},\"query-input\":{\"@type\":\"PropertyValueSpecification\",\"valueRequired\":true,\"valueName\":\"search_term_string\"}}],\"inLanguage\":\"fr-FR\"},{\"@type\":\"Organization\",\"@id\":\"https:\/\/blvk.ch\/fr\/#organization\",\"name\":\"CACEB\",\"url\":\"https:\/\/blvk.ch\/fr\/\",\"logo\":{\"@type\":\"ImageObject\",\"inLanguage\":\"fr-FR\",\"@id\":\"https:\/\/blvk.ch\/fr\/#\/schema\/logo\/image\/\",\"url\":\"https:\/\/blvk.ch\/wp-content\/uploads\/2022\/10\/Logo1.png\",\"contentUrl\":\"https:\/\/blvk.ch\/wp-content\/uploads\/2022\/10\/Logo1.png\",\"width\":152,\"height\":66,\"caption\":\"CACEB\"},\"image\":{\"@id\":\"https:\/\/blvk.ch\/fr\/#\/schema\/logo\/image\/\"}}]}<\/script>\n<!-- \/ Yoast SEO plugin. -->","yoast_head_json":{"title":"Formulaire Renonciation tol\u00e9rance - CACEB","robots":{"index":"index","follow":"follow","max-snippet":"max-snippet:-1","max-image-preview":"max-image-preview:large","max-video-preview":"max-video-preview:-1"},"canonical":"https:\/\/blvk.ch\/fr\/personnes-assurees\/documents\/tous-les-formulaires\/formulaire-renonciation-tolerance\/","og_locale":"fr_FR","og_type":"article","og_title":"Formulaire Renonciation tol\u00e9rance - CACEB","og_description":"Si le taux d\u2019occupation est r\u00e9duit de 12,5% au maximum, ind\u00e9pendamment du temps de travail actuel, le traitement assur\u00e9 le plus \u00e9lev\u00e9 reste couvert, les postes \u00e0 temps partiel \u00e9tant additionn\u00e9s. La diff\u00e9rence entre le taux d\u2019occupation assur\u00e9 et r\u00e9mun\u00e9r\u00e9 est d\u00e9terminante pour le calcul de la r\u00e9duction. Dans les 60 jours \u00e0 dater du [&hellip;]","og_url":"https:\/\/blvk.ch\/fr\/personnes-assurees\/documents\/tous-les-formulaires\/formulaire-renonciation-tolerance\/","og_site_name":"CACEB","article_modified_time":"2025-06-27T12:04:04+00:00","twitter_card":"summary_large_image","twitter_misc":{"Dur\u00e9e de lecture estim\u00e9e":"1 minute"},"schema":{"@context":"https:\/\/schema.org","@graph":[{"@type":"WebPage","@id":"https:\/\/blvk.ch\/fr\/personnes-assurees\/documents\/tous-les-formulaires\/formulaire-renonciation-tolerance\/","url":"https:\/\/blvk.ch\/fr\/personnes-assurees\/documents\/tous-les-formulaires\/formulaire-renonciation-tolerance\/","name":"Formulaire Renonciation tol\u00e9rance - CACEB","isPartOf":{"@id":"https:\/\/blvk.ch\/fr\/#website"},"datePublished":"2022-09-19T12:15:12+00:00","dateModified":"2025-06-27T12:04:04+00:00","breadcrumb":{"@id":"https:\/\/blvk.ch\/fr\/personnes-assurees\/documents\/tous-les-formulaires\/formulaire-renonciation-tolerance\/#breadcrumb"},"inLanguage":"fr-FR","potentialAction":[{"@type":"ReadAction","target":["https:\/\/blvk.ch\/fr\/personnes-assurees\/documents\/tous-les-formulaires\/formulaire-renonciation-tolerance\/"]}]},{"@type":"BreadcrumbList","@id":"https:\/\/blvk.ch\/fr\/personnes-assurees\/documents\/tous-les-formulaires\/formulaire-renonciation-tolerance\/#breadcrumb","itemListElement":[{"@type":"ListItem","position":1,"name":"Startseite","item":"https:\/\/blvk.ch\/fr\/"},{"@type":"ListItem","position":2,"name":"Personnes assur\u00e9es","item":"https:\/\/blvk.ch\/fr\/personnes-assurees\/"},{"@type":"ListItem","position":3,"name":"Documents","item":"https:\/\/blvk.ch\/fr\/personnes-assurees\/documents\/"},{"@type":"ListItem","position":4,"name":"Tous les formulaires","item":"https:\/\/blvk.ch\/fr\/personnes-assurees\/documents\/tous-les-formulaires\/"},{"@type":"ListItem","position":5,"name":"Formulaire Renonciation tol\u00e9rance"}]},{"@type":"WebSite","@id":"https:\/\/blvk.ch\/fr\/#website","url":"https:\/\/blvk.ch\/fr\/","name":"CACEB","description":"Caisse d&#039;assurance du corps enseignant bernois","publisher":{"@id":"https:\/\/blvk.ch\/fr\/#organization"},"potentialAction":[{"@type":"SearchAction","target":{"@type":"EntryPoint","urlTemplate":"https:\/\/blvk.ch\/fr\/?s={search_term_string}"},"query-input":{"@type":"PropertyValueSpecification","valueRequired":true,"valueName":"search_term_string"}}],"inLanguage":"fr-FR"},{"@type":"Organization","@id":"https:\/\/blvk.ch\/fr\/#organization","name":"CACEB","url":"https:\/\/blvk.ch\/fr\/","logo":{"@type":"ImageObject","inLanguage":"fr-FR","@id":"https:\/\/blvk.ch\/fr\/#\/schema\/logo\/image\/","url":"https:\/\/blvk.ch\/wp-content\/uploads\/2022\/10\/Logo1.png","contentUrl":"https:\/\/blvk.ch\/wp-content\/uploads\/2022\/10\/Logo1.png","width":152,"height":66,"caption":"CACEB"},"image":{"@id":"https:\/\/blvk.ch\/fr\/#\/schema\/logo\/image\/"}}]}},"_links":{"self":[{"href":"https:\/\/blvk.ch\/fr\/wp-json\/wp\/v2\/pages\/2914","targetHints":{"allow":["GET"]}}],"collection":[{"href":"https:\/\/blvk.ch\/fr\/wp-json\/wp\/v2\/pages"}],"about":[{"href":"https:\/\/blvk.ch\/fr\/wp-json\/wp\/v2\/types\/page"}],"author":[{"embeddable":true,"href":"https:\/\/blvk.ch\/fr\/wp-json\/wp\/v2\/users\/1"}],"replies":[{"embeddable":true,"href":"https:\/\/blvk.ch\/fr\/wp-json\/wp\/v2\/comments?post=2914"}],"version-history":[{"count":6,"href":"https:\/\/blvk.ch\/fr\/wp-json\/wp\/v2\/pages\/2914\/revisions"}],"predecessor-version":[{"id":9582,"href":"https:\/\/blvk.ch\/fr\/wp-json\/wp\/v2\/pages\/2914\/revisions\/9582"}],"up":[{"embeddable":true,"href":"https:\/\/blvk.ch\/fr\/wp-json\/wp\/v2\/pages\/1905"}],"wp:attachment":[{"href":"https:\/\/blvk.ch\/fr\/wp-json\/wp\/v2\/media?parent=2914"}],"curies":[{"name":"wp","href":"https:\/\/api.w.org\/{rel}","templated":true}]}}