{"id":5904,"date":"2023-03-03T20:26:51","date_gmt":"2023-03-03T19:26:51","guid":{"rendered":"https:\/\/blvk.ch\/?page_id=5904"},"modified":"2026-02-20T12:00:36","modified_gmt":"2026-02-20T11:00:36","slug":"les-postes-vacants","status":"publish","type":"page","link":"https:\/\/blvk.ch\/fr\/la-caceb\/travailler-a-la-caceb\/les-postes-vacants\/","title":{"rendered":"Postes vacants"},"content":{"rendered":"<h2>Nos postes vacants<\/h2>\n<p>Nous proposons des postes int\u00e9ressants dans les domaines de l&rsquo;administration, du suivi des assur\u00e9s, des placements et de l&rsquo;informatique. En tant qu&rsquo;entreprise formatrice, nous permettons \u00e9galement des apprentissages professionnels d&#8217;employ\u00e9(e) de commerce CFC. Actuellement, nous proposons les postes suivants :<\/p>\n","protected":false},"excerpt":{"rendered":"<p>Nos postes vacants Nous proposons des postes int\u00e9ressants dans les domaines de l&rsquo;administration, du suivi des assur\u00e9s, des placements et de l&rsquo;informatique. En tant qu&rsquo;entreprise formatrice, nous permettons \u00e9galement des apprentissages professionnels d&#8217;employ\u00e9(e) de commerce CFC. Actuellement, nous proposons les postes suivants :<\/p>\n","protected":false},"author":1,"featured_media":0,"parent":1892,"menu_order":2,"comment_status":"closed","ping_status":"closed","template":"page-templates\/jobs-list.php","meta":{"_acf_changed":false,"inline_featured_image":false,"footnotes":""},"class_list":["post-5904","page","type-page","status-publish","hentry"],"acf":[],"yoast_head":"<!-- This site is optimized with the Yoast SEO plugin v25.4 - https:\/\/yoast.com\/wordpress\/plugins\/seo\/ -->\n<title>Postes vacants - CACEB<\/title>\n<meta name=\"robots\" content=\"index, follow, max-snippet:-1, max-image-preview:large, max-video-preview:-1\" \/>\n<link rel=\"canonical\" href=\"https:\/\/blvk.ch\/fr\/la-caceb\/travailler-a-la-caceb\/les-postes-vacants\/\" \/>\n<meta property=\"og:locale\" content=\"fr_FR\" \/>\n<meta property=\"og:type\" content=\"article\" \/>\n<meta property=\"og:title\" content=\"Postes vacants - CACEB\" \/>\n<meta property=\"og:description\" content=\"Nos postes vacants Nous proposons des postes int\u00e9ressants dans les domaines de l&rsquo;administration, du suivi des assur\u00e9s, des placements et de l&rsquo;informatique. En tant qu&rsquo;entreprise formatrice, nous permettons \u00e9galement des apprentissages professionnels d&#8217;employ\u00e9(e) de commerce CFC. Actuellement, nous proposons les postes suivants :\" \/>\n<meta property=\"og:url\" content=\"https:\/\/blvk.ch\/fr\/la-caceb\/travailler-a-la-caceb\/les-postes-vacants\/\" \/>\n<meta property=\"og:site_name\" content=\"CACEB\" \/>\n<meta property=\"article:modified_time\" content=\"2026-02-20T11:00:36+00:00\" \/>\n<meta name=\"twitter:card\" content=\"summary_large_image\" \/>\n<meta name=\"twitter:label1\" content=\"Dur\u00e9e de lecture estim\u00e9e\" \/>\n\t<meta name=\"twitter:data1\" content=\"1 minute\" \/>\n<script type=\"application\/ld+json\" class=\"yoast-schema-graph\">{\"@context\":\"https:\/\/schema.org\",\"@graph\":[{\"@type\":\"WebPage\",\"@id\":\"https:\/\/blvk.ch\/fr\/la-caceb\/travailler-a-la-caceb\/les-postes-vacants\/\",\"url\":\"https:\/\/blvk.ch\/fr\/la-caceb\/travailler-a-la-caceb\/les-postes-vacants\/\",\"name\":\"Postes vacants - CACEB\",\"isPartOf\":{\"@id\":\"https:\/\/blvk.ch\/fr\/#website\"},\"datePublished\":\"2023-03-03T19:26:51+00:00\",\"dateModified\":\"2026-02-20T11:00:36+00:00\",\"breadcrumb\":{\"@id\":\"https:\/\/blvk.ch\/fr\/la-caceb\/travailler-a-la-caceb\/les-postes-vacants\/#breadcrumb\"},\"inLanguage\":\"fr-FR\",\"potentialAction\":[{\"@type\":\"ReadAction\",\"target\":[\"https:\/\/blvk.ch\/fr\/la-caceb\/travailler-a-la-caceb\/les-postes-vacants\/\"]}]},{\"@type\":\"BreadcrumbList\",\"@id\":\"https:\/\/blvk.ch\/fr\/la-caceb\/travailler-a-la-caceb\/les-postes-vacants\/#breadcrumb\",\"itemListElement\":[{\"@type\":\"ListItem\",\"position\":1,\"name\":\"Startseite\",\"item\":\"https:\/\/blvk.ch\/fr\/\"},{\"@type\":\"ListItem\",\"position\":2,\"name\":\"La CACEB\",\"item\":\"https:\/\/blvk.ch\/fr\/la-caceb\/\"},{\"@type\":\"ListItem\",\"position\":3,\"name\":\"Travailler \u00e0 la CACEB\",\"item\":\"https:\/\/blvk.ch\/fr\/la-caceb\/travailler-a-la-caceb\/\"},{\"@type\":\"ListItem\",\"position\":4,\"name\":\"Postes vacants\"}]},{\"@type\":\"WebSite\",\"@id\":\"https:\/\/blvk.ch\/fr\/#website\",\"url\":\"https:\/\/blvk.ch\/fr\/\",\"name\":\"CACEB\",\"description\":\"Caisse d&#039;assurance du corps enseignant bernois\",\"publisher\":{\"@id\":\"https:\/\/blvk.ch\/fr\/#organization\"},\"potentialAction\":[{\"@type\":\"SearchAction\",\"target\":{\"@type\":\"EntryPoint\",\"urlTemplate\":\"https:\/\/blvk.ch\/fr\/?s={search_term_string}\"},\"query-input\":{\"@type\":\"PropertyValueSpecification\",\"valueRequired\":true,\"valueName\":\"search_term_string\"}}],\"inLanguage\":\"fr-FR\"},{\"@type\":\"Organization\",\"@id\":\"https:\/\/blvk.ch\/fr\/#organization\",\"name\":\"CACEB\",\"url\":\"https:\/\/blvk.ch\/fr\/\",\"logo\":{\"@type\":\"ImageObject\",\"inLanguage\":\"fr-FR\",\"@id\":\"https:\/\/blvk.ch\/fr\/#\/schema\/logo\/image\/\",\"url\":\"https:\/\/blvk.ch\/wp-content\/uploads\/2022\/10\/Logo1.png\",\"contentUrl\":\"https:\/\/blvk.ch\/wp-content\/uploads\/2022\/10\/Logo1.png\",\"width\":152,\"height\":66,\"caption\":\"CACEB\"},\"image\":{\"@id\":\"https:\/\/blvk.ch\/fr\/#\/schema\/logo\/image\/\"}}]}<\/script>\n<!-- \/ Yoast SEO plugin. -->","yoast_head_json":{"title":"Postes vacants - CACEB","robots":{"index":"index","follow":"follow","max-snippet":"max-snippet:-1","max-image-preview":"max-image-preview:large","max-video-preview":"max-video-preview:-1"},"canonical":"https:\/\/blvk.ch\/fr\/la-caceb\/travailler-a-la-caceb\/les-postes-vacants\/","og_locale":"fr_FR","og_type":"article","og_title":"Postes vacants - CACEB","og_description":"Nos postes vacants Nous proposons des postes int\u00e9ressants dans les domaines de l&rsquo;administration, du suivi des assur\u00e9s, des placements et de l&rsquo;informatique. En tant qu&rsquo;entreprise formatrice, nous permettons \u00e9galement des apprentissages professionnels d&#8217;employ\u00e9(e) de commerce CFC. Actuellement, nous proposons les postes suivants :","og_url":"https:\/\/blvk.ch\/fr\/la-caceb\/travailler-a-la-caceb\/les-postes-vacants\/","og_site_name":"CACEB","article_modified_time":"2026-02-20T11:00:36+00:00","twitter_card":"summary_large_image","twitter_misc":{"Dur\u00e9e de lecture estim\u00e9e":"1 minute"},"schema":{"@context":"https:\/\/schema.org","@graph":[{"@type":"WebPage","@id":"https:\/\/blvk.ch\/fr\/la-caceb\/travailler-a-la-caceb\/les-postes-vacants\/","url":"https:\/\/blvk.ch\/fr\/la-caceb\/travailler-a-la-caceb\/les-postes-vacants\/","name":"Postes vacants - CACEB","isPartOf":{"@id":"https:\/\/blvk.ch\/fr\/#website"},"datePublished":"2023-03-03T19:26:51+00:00","dateModified":"2026-02-20T11:00:36+00:00","breadcrumb":{"@id":"https:\/\/blvk.ch\/fr\/la-caceb\/travailler-a-la-caceb\/les-postes-vacants\/#breadcrumb"},"inLanguage":"fr-FR","potentialAction":[{"@type":"ReadAction","target":["https:\/\/blvk.ch\/fr\/la-caceb\/travailler-a-la-caceb\/les-postes-vacants\/"]}]},{"@type":"BreadcrumbList","@id":"https:\/\/blvk.ch\/fr\/la-caceb\/travailler-a-la-caceb\/les-postes-vacants\/#breadcrumb","itemListElement":[{"@type":"ListItem","position":1,"name":"Startseite","item":"https:\/\/blvk.ch\/fr\/"},{"@type":"ListItem","position":2,"name":"La CACEB","item":"https:\/\/blvk.ch\/fr\/la-caceb\/"},{"@type":"ListItem","position":3,"name":"Travailler \u00e0 la CACEB","item":"https:\/\/blvk.ch\/fr\/la-caceb\/travailler-a-la-caceb\/"},{"@type":"ListItem","position":4,"name":"Postes vacants"}]},{"@type":"WebSite","@id":"https:\/\/blvk.ch\/fr\/#website","url":"https:\/\/blvk.ch\/fr\/","name":"CACEB","description":"Caisse d&#039;assurance du corps enseignant bernois","publisher":{"@id":"https:\/\/blvk.ch\/fr\/#organization"},"potentialAction":[{"@type":"SearchAction","target":{"@type":"EntryPoint","urlTemplate":"https:\/\/blvk.ch\/fr\/?s={search_term_string}"},"query-input":{"@type":"PropertyValueSpecification","valueRequired":true,"valueName":"search_term_string"}}],"inLanguage":"fr-FR"},{"@type":"Organization","@id":"https:\/\/blvk.ch\/fr\/#organization","name":"CACEB","url":"https:\/\/blvk.ch\/fr\/","logo":{"@type":"ImageObject","inLanguage":"fr-FR","@id":"https:\/\/blvk.ch\/fr\/#\/schema\/logo\/image\/","url":"https:\/\/blvk.ch\/wp-content\/uploads\/2022\/10\/Logo1.png","contentUrl":"https:\/\/blvk.ch\/wp-content\/uploads\/2022\/10\/Logo1.png","width":152,"height":66,"caption":"CACEB"},"image":{"@id":"https:\/\/blvk.ch\/fr\/#\/schema\/logo\/image\/"}}]}},"_links":{"self":[{"href":"https:\/\/blvk.ch\/fr\/wp-json\/wp\/v2\/pages\/5904","targetHints":{"allow":["GET"]}}],"collection":[{"href":"https:\/\/blvk.ch\/fr\/wp-json\/wp\/v2\/pages"}],"about":[{"href":"https:\/\/blvk.ch\/fr\/wp-json\/wp\/v2\/types\/page"}],"author":[{"embeddable":true,"href":"https:\/\/blvk.ch\/fr\/wp-json\/wp\/v2\/users\/1"}],"replies":[{"embeddable":true,"href":"https:\/\/blvk.ch\/fr\/wp-json\/wp\/v2\/comments?post=5904"}],"version-history":[{"count":30,"href":"https:\/\/blvk.ch\/fr\/wp-json\/wp\/v2\/pages\/5904\/revisions"}],"predecessor-version":[{"id":10858,"href":"https:\/\/blvk.ch\/fr\/wp-json\/wp\/v2\/pages\/5904\/revisions\/10858"}],"up":[{"embeddable":true,"href":"https:\/\/blvk.ch\/fr\/wp-json\/wp\/v2\/pages\/1892"}],"wp:attachment":[{"href":"https:\/\/blvk.ch\/fr\/wp-json\/wp\/v2\/media?parent=5904"}],"curies":[{"name":"wp","href":"https:\/\/api.w.org\/{rel}","templated":true}]}}