{"id":5914,"date":"2023-03-03T20:55:36","date_gmt":"2023-03-03T19:55:36","guid":{"rendered":"https:\/\/blvk.ch\/?page_id=5914"},"modified":"2026-02-20T11:52:54","modified_gmt":"2026-02-20T10:52:54","slug":"caceb-une-entreprise-formatrice","status":"publish","type":"page","link":"https:\/\/blvk.ch\/fr\/la-caceb\/travailler-a-la-caceb\/caceb-une-entreprise-formatrice\/","title":{"rendered":"La CACEB, une entreprise formatrice"},"content":{"rendered":"<h2>Monte \u00e0 bord d\u00e8s maintenant !<\/h2>\n<p>Tu souhaites effectuer un apprentissage commercial, t\u2019occuper de la pr\u00e9voyance professionnelle d\u2019environ 30&rsquo;000 personnes assur\u00e9es et d\u00e9couvrir la gestion d\u2019une fortune de neuf milliards de francs ? Alors tu es au bon endroit ! La BLVK propose des places d\u2019apprentissage attractives qui te pr\u00e9parent id\u00e9alement \u00e0 l\u2019avenir. La prochaine place d\u2019apprentissage est propos\u00e9e pour la rentr\u00e9e 2027.<\/p>\n<p><strong>Apprentissage d\u2019employ\u00e9\u00b7e de commerce CFC (3 ans)<\/strong><\/p>\n<p>Orientation services et administration, avec des cours interentreprises suppl\u00e9mentaires pour approfondir les connaissances de la branche \u00ab pr\u00e9voyance professionnelle \u00bb<\/p>\n<p><strong>Lieu de formation :<\/strong> Accueil, finances et comptabilit\u00e9, pr\u00e9voyance, ressources humaines, aper\u00e7u des domaines des placements de capitaux et de l\u2019informatique<\/p>\n<p><strong>Activit\u00e9s :<\/strong> Tu g\u00e8res les dossiers clients et m\u00e8nes des entretiens de conseil tout en restant en contact t\u00e9l\u00e9phonique avec nos clientes et clients. Tu traites le courrier et assures l\u2019accueil. Tu participes \u00e0 des \u00e9v\u00e9nements et \u00e0 des s\u00e9ances et apprends \u00e0 r\u00e9diger des proc\u00e8s-verbaux professionnels. Tu \u00e9tablis et r\u00e8gles des factures et d\u00e9veloppes progressivement tes connaissances dans le domaine des assurances sociales. Dans le secteur des placements de capitaux, tu observes les sp\u00e9cialistes g\u00e9rer une fortune totale de neuf milliards de francs et, dans le domaine IT, tu participes \u00e0 l\u2019importation et au traitement des donn\u00e9es de nos personnes assur\u00e9es.<\/p>\n<p>Ainsi, tu apprends chaque jour de nouvelles choses au sein de l\u2019entreprise. Ces apprentissages sont compl\u00e9t\u00e9s par les cours \u00e0 l\u2019\u00e9cole professionnelle ainsi que par des cours interentreprises sp\u00e9cifiques \u00e0 la branche. Si tu souhaites am\u00e9liorer ton fran\u00e7ais, tu as la possibilit\u00e9 de t\u2019occuper de nos clients francophones.<\/p>\n<p><strong>Conditions de travail :<\/strong><\/p>\n<ul>\n<li>accompagnement complet des apprenti\u00b7e\u00b7s<\/li>\n<li>petite \u00e9quipe de 26 collaboratrices et collaborateurs<\/li>\n<li>7 semaines de vacances<\/li>\n<li>ordinateur portable personnel<\/li>\n<li>abonnement de t\u00e9l\u00e9phonie mobile pris en charge<\/li>\n<li>locaux modernes \u00e0 Ostermundigen<\/li>\n<li>excellente desserte par les transports publics<\/li>\n<li>abonnement Libero (zones 1-2) ou abonnement demi-tarif pris en charge<\/li>\n<li>participation de CHF 300.\u2013 par an \u00e0 ton abonnement de fitness ou \u00e0 d\u2019autres activit\u00e9s sportives<\/li>\n<li>assurance d\u2019indemnit\u00e9s journali\u00e8res en cas de maladie prise en charge<\/li>\n<li>si n\u00e9cessaire : possibilit\u00e9 d\u2019acheter des ch\u00e8ques Reka \u00e0 prix r\u00e9duit pour une valeur de 1 000 CHF<\/li>\n<\/ul>\n<p><\/p>\n<p>Fais connaissance avec nous lors d\u2019un stage d\u2019observation (d\u00e8s la 8e ann\u00e9e) ! Notre formatrice professionnelle se tient volontiers \u00e0 ta disposition pour r\u00e9pondre \u00e0 tes questions. Inscris-toi d\u00e8s maintenant, sans engagement : par e-mail ou par t\u00e9l\u00e9phone.<\/p>\n<p>Informations compl\u00e9mentaires :<\/p>\n","protected":false},"excerpt":{"rendered":"<p>Monte \u00e0 bord d\u00e8s maintenant ! Tu souhaites effectuer un apprentissage commercial, t\u2019occuper de la pr\u00e9voyance professionnelle d\u2019environ 30&rsquo;000 personnes assur\u00e9es et d\u00e9couvrir la gestion d\u2019une fortune de neuf milliards de francs ? Alors tu es au bon endroit ! La BLVK propose des places d\u2019apprentissage attractives qui te pr\u00e9parent id\u00e9alement \u00e0 l\u2019avenir. La prochaine [&hellip;]<\/p>\n","protected":false},"author":1,"featured_media":0,"parent":1892,"menu_order":1,"comment_status":"closed","ping_status":"closed","template":"page-templates\/jobs-list.php","meta":{"_acf_changed":false,"inline_featured_image":false,"footnotes":""},"class_list":["post-5914","page","type-page","status-publish","hentry"],"acf":[],"yoast_head":"<!-- This site is optimized with the Yoast SEO plugin v25.4 - https:\/\/yoast.com\/wordpress\/plugins\/seo\/ -->\n<title>La CACEB, une entreprise formatrice - CACEB<\/title>\n<meta name=\"robots\" content=\"index, follow, max-snippet:-1, max-image-preview:large, max-video-preview:-1\" \/>\n<link rel=\"canonical\" href=\"https:\/\/blvk.ch\/fr\/la-caceb\/travailler-a-la-caceb\/caceb-une-entreprise-formatrice\/\" \/>\n<meta property=\"og:locale\" content=\"fr_FR\" \/>\n<meta property=\"og:type\" content=\"article\" \/>\n<meta property=\"og:title\" content=\"La CACEB, une entreprise formatrice - CACEB\" \/>\n<meta property=\"og:description\" content=\"Monte \u00e0 bord d\u00e8s maintenant ! Tu souhaites effectuer un apprentissage commercial, t\u2019occuper de la pr\u00e9voyance professionnelle d\u2019environ 30&rsquo;000 personnes assur\u00e9es et d\u00e9couvrir la gestion d\u2019une fortune de neuf milliards de francs ? Alors tu es au bon endroit ! La BLVK propose des places d\u2019apprentissage attractives qui te pr\u00e9parent id\u00e9alement \u00e0 l\u2019avenir. La prochaine [&hellip;]\" \/>\n<meta property=\"og:url\" content=\"https:\/\/blvk.ch\/fr\/la-caceb\/travailler-a-la-caceb\/caceb-une-entreprise-formatrice\/\" \/>\n<meta property=\"og:site_name\" content=\"CACEB\" \/>\n<meta property=\"article:modified_time\" content=\"2026-02-20T10:52:54+00:00\" \/>\n<meta name=\"twitter:card\" content=\"summary_large_image\" \/>\n<meta name=\"twitter:label1\" content=\"Dur\u00e9e de lecture estim\u00e9e\" \/>\n\t<meta name=\"twitter:data1\" content=\"1 minute\" \/>\n<script type=\"application\/ld+json\" class=\"yoast-schema-graph\">{\"@context\":\"https:\/\/schema.org\",\"@graph\":[{\"@type\":\"WebPage\",\"@id\":\"https:\/\/blvk.ch\/fr\/la-caceb\/travailler-a-la-caceb\/caceb-une-entreprise-formatrice\/\",\"url\":\"https:\/\/blvk.ch\/fr\/la-caceb\/travailler-a-la-caceb\/caceb-une-entreprise-formatrice\/\",\"name\":\"La CACEB, une entreprise formatrice - CACEB\",\"isPartOf\":{\"@id\":\"https:\/\/blvk.ch\/fr\/#website\"},\"datePublished\":\"2023-03-03T19:55:36+00:00\",\"dateModified\":\"2026-02-20T10:52:54+00:00\",\"breadcrumb\":{\"@id\":\"https:\/\/blvk.ch\/fr\/la-caceb\/travailler-a-la-caceb\/caceb-une-entreprise-formatrice\/#breadcrumb\"},\"inLanguage\":\"fr-FR\",\"potentialAction\":[{\"@type\":\"ReadAction\",\"target\":[\"https:\/\/blvk.ch\/fr\/la-caceb\/travailler-a-la-caceb\/caceb-une-entreprise-formatrice\/\"]}]},{\"@type\":\"BreadcrumbList\",\"@id\":\"https:\/\/blvk.ch\/fr\/la-caceb\/travailler-a-la-caceb\/caceb-une-entreprise-formatrice\/#breadcrumb\",\"itemListElement\":[{\"@type\":\"ListItem\",\"position\":1,\"name\":\"Startseite\",\"item\":\"https:\/\/blvk.ch\/fr\/\"},{\"@type\":\"ListItem\",\"position\":2,\"name\":\"La CACEB\",\"item\":\"https:\/\/blvk.ch\/fr\/la-caceb\/\"},{\"@type\":\"ListItem\",\"position\":3,\"name\":\"Travailler \u00e0 la CACEB\",\"item\":\"https:\/\/blvk.ch\/fr\/la-caceb\/travailler-a-la-caceb\/\"},{\"@type\":\"ListItem\",\"position\":4,\"name\":\"La CACEB, une entreprise formatrice\"}]},{\"@type\":\"WebSite\",\"@id\":\"https:\/\/blvk.ch\/fr\/#website\",\"url\":\"https:\/\/blvk.ch\/fr\/\",\"name\":\"CACEB\",\"description\":\"Caisse d&#039;assurance du corps enseignant bernois\",\"publisher\":{\"@id\":\"https:\/\/blvk.ch\/fr\/#organization\"},\"potentialAction\":[{\"@type\":\"SearchAction\",\"target\":{\"@type\":\"EntryPoint\",\"urlTemplate\":\"https:\/\/blvk.ch\/fr\/?s={search_term_string}\"},\"query-input\":{\"@type\":\"PropertyValueSpecification\",\"valueRequired\":true,\"valueName\":\"search_term_string\"}}],\"inLanguage\":\"fr-FR\"},{\"@type\":\"Organization\",\"@id\":\"https:\/\/blvk.ch\/fr\/#organization\",\"name\":\"CACEB\",\"url\":\"https:\/\/blvk.ch\/fr\/\",\"logo\":{\"@type\":\"ImageObject\",\"inLanguage\":\"fr-FR\",\"@id\":\"https:\/\/blvk.ch\/fr\/#\/schema\/logo\/image\/\",\"url\":\"https:\/\/blvk.ch\/wp-content\/uploads\/2022\/10\/Logo1.png\",\"contentUrl\":\"https:\/\/blvk.ch\/wp-content\/uploads\/2022\/10\/Logo1.png\",\"width\":152,\"height\":66,\"caption\":\"CACEB\"},\"image\":{\"@id\":\"https:\/\/blvk.ch\/fr\/#\/schema\/logo\/image\/\"}}]}<\/script>\n<!-- \/ Yoast SEO plugin. -->","yoast_head_json":{"title":"La CACEB, une entreprise formatrice - CACEB","robots":{"index":"index","follow":"follow","max-snippet":"max-snippet:-1","max-image-preview":"max-image-preview:large","max-video-preview":"max-video-preview:-1"},"canonical":"https:\/\/blvk.ch\/fr\/la-caceb\/travailler-a-la-caceb\/caceb-une-entreprise-formatrice\/","og_locale":"fr_FR","og_type":"article","og_title":"La CACEB, une entreprise formatrice - CACEB","og_description":"Monte \u00e0 bord d\u00e8s maintenant ! Tu souhaites effectuer un apprentissage commercial, t\u2019occuper de la pr\u00e9voyance professionnelle d\u2019environ 30&rsquo;000 personnes assur\u00e9es et d\u00e9couvrir la gestion d\u2019une fortune de neuf milliards de francs ? Alors tu es au bon endroit ! La BLVK propose des places d\u2019apprentissage attractives qui te pr\u00e9parent id\u00e9alement \u00e0 l\u2019avenir. La prochaine [&hellip;]","og_url":"https:\/\/blvk.ch\/fr\/la-caceb\/travailler-a-la-caceb\/caceb-une-entreprise-formatrice\/","og_site_name":"CACEB","article_modified_time":"2026-02-20T10:52:54+00:00","twitter_card":"summary_large_image","twitter_misc":{"Dur\u00e9e de lecture estim\u00e9e":"1 minute"},"schema":{"@context":"https:\/\/schema.org","@graph":[{"@type":"WebPage","@id":"https:\/\/blvk.ch\/fr\/la-caceb\/travailler-a-la-caceb\/caceb-une-entreprise-formatrice\/","url":"https:\/\/blvk.ch\/fr\/la-caceb\/travailler-a-la-caceb\/caceb-une-entreprise-formatrice\/","name":"La CACEB, une entreprise formatrice - CACEB","isPartOf":{"@id":"https:\/\/blvk.ch\/fr\/#website"},"datePublished":"2023-03-03T19:55:36+00:00","dateModified":"2026-02-20T10:52:54+00:00","breadcrumb":{"@id":"https:\/\/blvk.ch\/fr\/la-caceb\/travailler-a-la-caceb\/caceb-une-entreprise-formatrice\/#breadcrumb"},"inLanguage":"fr-FR","potentialAction":[{"@type":"ReadAction","target":["https:\/\/blvk.ch\/fr\/la-caceb\/travailler-a-la-caceb\/caceb-une-entreprise-formatrice\/"]}]},{"@type":"BreadcrumbList","@id":"https:\/\/blvk.ch\/fr\/la-caceb\/travailler-a-la-caceb\/caceb-une-entreprise-formatrice\/#breadcrumb","itemListElement":[{"@type":"ListItem","position":1,"name":"Startseite","item":"https:\/\/blvk.ch\/fr\/"},{"@type":"ListItem","position":2,"name":"La CACEB","item":"https:\/\/blvk.ch\/fr\/la-caceb\/"},{"@type":"ListItem","position":3,"name":"Travailler \u00e0 la CACEB","item":"https:\/\/blvk.ch\/fr\/la-caceb\/travailler-a-la-caceb\/"},{"@type":"ListItem","position":4,"name":"La CACEB, une entreprise formatrice"}]},{"@type":"WebSite","@id":"https:\/\/blvk.ch\/fr\/#website","url":"https:\/\/blvk.ch\/fr\/","name":"CACEB","description":"Caisse d&#039;assurance du corps enseignant bernois","publisher":{"@id":"https:\/\/blvk.ch\/fr\/#organization"},"potentialAction":[{"@type":"SearchAction","target":{"@type":"EntryPoint","urlTemplate":"https:\/\/blvk.ch\/fr\/?s={search_term_string}"},"query-input":{"@type":"PropertyValueSpecification","valueRequired":true,"valueName":"search_term_string"}}],"inLanguage":"fr-FR"},{"@type":"Organization","@id":"https:\/\/blvk.ch\/fr\/#organization","name":"CACEB","url":"https:\/\/blvk.ch\/fr\/","logo":{"@type":"ImageObject","inLanguage":"fr-FR","@id":"https:\/\/blvk.ch\/fr\/#\/schema\/logo\/image\/","url":"https:\/\/blvk.ch\/wp-content\/uploads\/2022\/10\/Logo1.png","contentUrl":"https:\/\/blvk.ch\/wp-content\/uploads\/2022\/10\/Logo1.png","width":152,"height":66,"caption":"CACEB"},"image":{"@id":"https:\/\/blvk.ch\/fr\/#\/schema\/logo\/image\/"}}]}},"_links":{"self":[{"href":"https:\/\/blvk.ch\/fr\/wp-json\/wp\/v2\/pages\/5914","targetHints":{"allow":["GET"]}}],"collection":[{"href":"https:\/\/blvk.ch\/fr\/wp-json\/wp\/v2\/pages"}],"about":[{"href":"https:\/\/blvk.ch\/fr\/wp-json\/wp\/v2\/types\/page"}],"author":[{"embeddable":true,"href":"https:\/\/blvk.ch\/fr\/wp-json\/wp\/v2\/users\/1"}],"replies":[{"embeddable":true,"href":"https:\/\/blvk.ch\/fr\/wp-json\/wp\/v2\/comments?post=5914"}],"version-history":[{"count":9,"href":"https:\/\/blvk.ch\/fr\/wp-json\/wp\/v2\/pages\/5914\/revisions"}],"predecessor-version":[{"id":10856,"href":"https:\/\/blvk.ch\/fr\/wp-json\/wp\/v2\/pages\/5914\/revisions\/10856"}],"up":[{"embeddable":true,"href":"https:\/\/blvk.ch\/fr\/wp-json\/wp\/v2\/pages\/1892"}],"wp:attachment":[{"href":"https:\/\/blvk.ch\/fr\/wp-json\/wp\/v2\/media?parent=5914"}],"curies":[{"name":"wp","href":"https:\/\/api.w.org\/{rel}","templated":true}]}}