{"id":6051,"date":"2023-04-06T12:14:41","date_gmt":"2023-04-06T10:14:41","guid":{"rendered":"https:\/\/blvk.ch\/?page_id=6051"},"modified":"2025-07-21T11:41:08","modified_gmt":"2025-07-21T09:41:08","slug":"caceb-sur-linkedin","status":"publish","type":"page","link":"https:\/\/blvk.ch\/fr\/la-caceb\/actualites\/caceb-sur-linkedin\/","title":{"rendered":"CACEB sur LinkedIn"},"content":{"rendered":"<h2>La CACEB d\u00e9sormais sur LinkedIn<\/h2>\n<p>Avez-vous un compte sur la plateforme professionnelle LinkedIn et la consultez-vous de temps \u00e0 autre ? Si oui, ajoutez la CACEB maitenant <a href=\"https:\/\/www.linkedin.com\/company\/blvk-bernische-lehrerversicherungskasse\/\">ici<\/a> \u00e0 vos contacts et utilisez ce canal pour en d\u00e9couvrir plus sur votre caisse de pension (contenu en allemand). Nous nous r\u00e9jouissons d\u2019avoir de vos nouvelles !<\/p>\n","protected":false},"excerpt":{"rendered":"<p>La CACEB d\u00e9sormais sur LinkedIn Avez-vous un compte sur la plateforme professionnelle LinkedIn et la consultez-vous de temps \u00e0 autre ? Si oui, ajoutez la CACEB maitenant ici \u00e0 vos contacts et utilisez ce canal pour en d\u00e9couvrir plus sur votre caisse de pension (contenu en allemand). Nous nous r\u00e9jouissons d\u2019avoir de vos nouvelles !<\/p>\n","protected":false},"author":1,"featured_media":0,"parent":2707,"menu_order":0,"comment_status":"closed","ping_status":"closed","template":"page-templates\/grundsatze.php","meta":{"_acf_changed":false,"inline_featured_image":false,"footnotes":""},"class_list":["post-6051","page","type-page","status-publish","hentry"],"acf":[],"yoast_head":"<!-- This site is optimized with the Yoast SEO plugin v25.4 - https:\/\/yoast.com\/wordpress\/plugins\/seo\/ -->\n<title>CACEB sur LinkedIn - CACEB<\/title>\n<meta name=\"robots\" content=\"index, follow, max-snippet:-1, max-image-preview:large, max-video-preview:-1\" \/>\n<link rel=\"canonical\" href=\"https:\/\/blvk.ch\/fr\/la-caceb\/actualites\/caceb-sur-linkedin\/\" \/>\n<meta property=\"og:locale\" content=\"fr_FR\" \/>\n<meta property=\"og:type\" content=\"article\" \/>\n<meta property=\"og:title\" content=\"CACEB sur LinkedIn - CACEB\" \/>\n<meta property=\"og:description\" content=\"La CACEB d\u00e9sormais sur LinkedIn Avez-vous un compte sur la plateforme professionnelle LinkedIn et la consultez-vous de temps \u00e0 autre ? Si oui, ajoutez la CACEB maitenant ici \u00e0 vos contacts et utilisez ce canal pour en d\u00e9couvrir plus sur votre caisse de pension (contenu en allemand). Nous nous r\u00e9jouissons d\u2019avoir de vos nouvelles !\" \/>\n<meta property=\"og:url\" content=\"https:\/\/blvk.ch\/fr\/la-caceb\/actualites\/caceb-sur-linkedin\/\" \/>\n<meta property=\"og:site_name\" content=\"CACEB\" \/>\n<meta property=\"article:modified_time\" content=\"2025-07-21T09:41:08+00:00\" \/>\n<meta name=\"twitter:card\" content=\"summary_large_image\" \/>\n<meta name=\"twitter:label1\" content=\"Dur\u00e9e de lecture estim\u00e9e\" \/>\n\t<meta name=\"twitter:data1\" content=\"1 minute\" \/>\n<script type=\"application\/ld+json\" class=\"yoast-schema-graph\">{\"@context\":\"https:\/\/schema.org\",\"@graph\":[{\"@type\":\"WebPage\",\"@id\":\"https:\/\/blvk.ch\/fr\/la-caceb\/actualites\/caceb-sur-linkedin\/\",\"url\":\"https:\/\/blvk.ch\/fr\/la-caceb\/actualites\/caceb-sur-linkedin\/\",\"name\":\"CACEB sur LinkedIn - CACEB\",\"isPartOf\":{\"@id\":\"https:\/\/blvk.ch\/fr\/#website\"},\"datePublished\":\"2023-04-06T10:14:41+00:00\",\"dateModified\":\"2025-07-21T09:41:08+00:00\",\"breadcrumb\":{\"@id\":\"https:\/\/blvk.ch\/fr\/la-caceb\/actualites\/caceb-sur-linkedin\/#breadcrumb\"},\"inLanguage\":\"fr-FR\",\"potentialAction\":[{\"@type\":\"ReadAction\",\"target\":[\"https:\/\/blvk.ch\/fr\/la-caceb\/actualites\/caceb-sur-linkedin\/\"]}]},{\"@type\":\"BreadcrumbList\",\"@id\":\"https:\/\/blvk.ch\/fr\/la-caceb\/actualites\/caceb-sur-linkedin\/#breadcrumb\",\"itemListElement\":[{\"@type\":\"ListItem\",\"position\":1,\"name\":\"Startseite\",\"item\":\"https:\/\/blvk.ch\/fr\/\"},{\"@type\":\"ListItem\",\"position\":2,\"name\":\"La CACEB\",\"item\":\"https:\/\/blvk.ch\/fr\/la-caceb\/\"},{\"@type\":\"ListItem\",\"position\":3,\"name\":\"Actualit\u00e9s\",\"item\":\"https:\/\/blvk.ch\/fr\/la-caceb\/actualites\/\"},{\"@type\":\"ListItem\",\"position\":4,\"name\":\"CACEB sur LinkedIn\"}]},{\"@type\":\"WebSite\",\"@id\":\"https:\/\/blvk.ch\/fr\/#website\",\"url\":\"https:\/\/blvk.ch\/fr\/\",\"name\":\"CACEB\",\"description\":\"Caisse d&#039;assurance du corps enseignant bernois\",\"publisher\":{\"@id\":\"https:\/\/blvk.ch\/fr\/#organization\"},\"potentialAction\":[{\"@type\":\"SearchAction\",\"target\":{\"@type\":\"EntryPoint\",\"urlTemplate\":\"https:\/\/blvk.ch\/fr\/?s={search_term_string}\"},\"query-input\":{\"@type\":\"PropertyValueSpecification\",\"valueRequired\":true,\"valueName\":\"search_term_string\"}}],\"inLanguage\":\"fr-FR\"},{\"@type\":\"Organization\",\"@id\":\"https:\/\/blvk.ch\/fr\/#organization\",\"name\":\"CACEB\",\"url\":\"https:\/\/blvk.ch\/fr\/\",\"logo\":{\"@type\":\"ImageObject\",\"inLanguage\":\"fr-FR\",\"@id\":\"https:\/\/blvk.ch\/fr\/#\/schema\/logo\/image\/\",\"url\":\"https:\/\/blvk.ch\/wp-content\/uploads\/2022\/10\/Logo1.png\",\"contentUrl\":\"https:\/\/blvk.ch\/wp-content\/uploads\/2022\/10\/Logo1.png\",\"width\":152,\"height\":66,\"caption\":\"CACEB\"},\"image\":{\"@id\":\"https:\/\/blvk.ch\/fr\/#\/schema\/logo\/image\/\"}}]}<\/script>\n<!-- \/ Yoast SEO plugin. -->","yoast_head_json":{"title":"CACEB sur LinkedIn - CACEB","robots":{"index":"index","follow":"follow","max-snippet":"max-snippet:-1","max-image-preview":"max-image-preview:large","max-video-preview":"max-video-preview:-1"},"canonical":"https:\/\/blvk.ch\/fr\/la-caceb\/actualites\/caceb-sur-linkedin\/","og_locale":"fr_FR","og_type":"article","og_title":"CACEB sur LinkedIn - CACEB","og_description":"La CACEB d\u00e9sormais sur LinkedIn Avez-vous un compte sur la plateforme professionnelle LinkedIn et la consultez-vous de temps \u00e0 autre ? Si oui, ajoutez la CACEB maitenant ici \u00e0 vos contacts et utilisez ce canal pour en d\u00e9couvrir plus sur votre caisse de pension (contenu en allemand). Nous nous r\u00e9jouissons d\u2019avoir de vos nouvelles !","og_url":"https:\/\/blvk.ch\/fr\/la-caceb\/actualites\/caceb-sur-linkedin\/","og_site_name":"CACEB","article_modified_time":"2025-07-21T09:41:08+00:00","twitter_card":"summary_large_image","twitter_misc":{"Dur\u00e9e de lecture estim\u00e9e":"1 minute"},"schema":{"@context":"https:\/\/schema.org","@graph":[{"@type":"WebPage","@id":"https:\/\/blvk.ch\/fr\/la-caceb\/actualites\/caceb-sur-linkedin\/","url":"https:\/\/blvk.ch\/fr\/la-caceb\/actualites\/caceb-sur-linkedin\/","name":"CACEB sur LinkedIn - CACEB","isPartOf":{"@id":"https:\/\/blvk.ch\/fr\/#website"},"datePublished":"2023-04-06T10:14:41+00:00","dateModified":"2025-07-21T09:41:08+00:00","breadcrumb":{"@id":"https:\/\/blvk.ch\/fr\/la-caceb\/actualites\/caceb-sur-linkedin\/#breadcrumb"},"inLanguage":"fr-FR","potentialAction":[{"@type":"ReadAction","target":["https:\/\/blvk.ch\/fr\/la-caceb\/actualites\/caceb-sur-linkedin\/"]}]},{"@type":"BreadcrumbList","@id":"https:\/\/blvk.ch\/fr\/la-caceb\/actualites\/caceb-sur-linkedin\/#breadcrumb","itemListElement":[{"@type":"ListItem","position":1,"name":"Startseite","item":"https:\/\/blvk.ch\/fr\/"},{"@type":"ListItem","position":2,"name":"La CACEB","item":"https:\/\/blvk.ch\/fr\/la-caceb\/"},{"@type":"ListItem","position":3,"name":"Actualit\u00e9s","item":"https:\/\/blvk.ch\/fr\/la-caceb\/actualites\/"},{"@type":"ListItem","position":4,"name":"CACEB sur LinkedIn"}]},{"@type":"WebSite","@id":"https:\/\/blvk.ch\/fr\/#website","url":"https:\/\/blvk.ch\/fr\/","name":"CACEB","description":"Caisse d&#039;assurance du corps enseignant bernois","publisher":{"@id":"https:\/\/blvk.ch\/fr\/#organization"},"potentialAction":[{"@type":"SearchAction","target":{"@type":"EntryPoint","urlTemplate":"https:\/\/blvk.ch\/fr\/?s={search_term_string}"},"query-input":{"@type":"PropertyValueSpecification","valueRequired":true,"valueName":"search_term_string"}}],"inLanguage":"fr-FR"},{"@type":"Organization","@id":"https:\/\/blvk.ch\/fr\/#organization","name":"CACEB","url":"https:\/\/blvk.ch\/fr\/","logo":{"@type":"ImageObject","inLanguage":"fr-FR","@id":"https:\/\/blvk.ch\/fr\/#\/schema\/logo\/image\/","url":"https:\/\/blvk.ch\/wp-content\/uploads\/2022\/10\/Logo1.png","contentUrl":"https:\/\/blvk.ch\/wp-content\/uploads\/2022\/10\/Logo1.png","width":152,"height":66,"caption":"CACEB"},"image":{"@id":"https:\/\/blvk.ch\/fr\/#\/schema\/logo\/image\/"}}]}},"_links":{"self":[{"href":"https:\/\/blvk.ch\/fr\/wp-json\/wp\/v2\/pages\/6051","targetHints":{"allow":["GET"]}}],"collection":[{"href":"https:\/\/blvk.ch\/fr\/wp-json\/wp\/v2\/pages"}],"about":[{"href":"https:\/\/blvk.ch\/fr\/wp-json\/wp\/v2\/types\/page"}],"author":[{"embeddable":true,"href":"https:\/\/blvk.ch\/fr\/wp-json\/wp\/v2\/users\/1"}],"replies":[{"embeddable":true,"href":"https:\/\/blvk.ch\/fr\/wp-json\/wp\/v2\/comments?post=6051"}],"version-history":[{"count":3,"href":"https:\/\/blvk.ch\/fr\/wp-json\/wp\/v2\/pages\/6051\/revisions"}],"predecessor-version":[{"id":10109,"href":"https:\/\/blvk.ch\/fr\/wp-json\/wp\/v2\/pages\/6051\/revisions\/10109"}],"up":[{"embeddable":true,"href":"https:\/\/blvk.ch\/fr\/wp-json\/wp\/v2\/pages\/2707"}],"wp:attachment":[{"href":"https:\/\/blvk.ch\/fr\/wp-json\/wp\/v2\/media?parent=6051"}],"curies":[{"name":"wp","href":"https:\/\/api.w.org\/{rel}","templated":true}]}}