{"id":8385,"date":"2025-04-14T12:03:18","date_gmt":"2025-04-14T10:03:18","guid":{"rendered":"https:\/\/blvk.ch\/?page_id=8385"},"modified":"2025-07-02T12:47:21","modified_gmt":"2025-07-02T10:47:21","slug":"hypotheques","status":"publish","type":"page","link":"https:\/\/blvk.ch\/fr\/hypotheques\/","title":{"rendered":"Hypoth\u00e8ques"},"content":{"rendered":"<p>La CACEB finance l\u2019acquisition de biens immobiliers \u00e0 usage propre pour les personnes assur\u00e9es aupr\u00e8s d\u2019elle. Nous proposons \u00e9galement des hypoth\u00e8ques \u00e0 des tiers, \u00e0 condition qu\u2019ils remplissent les crit\u00e8res requis (notamment en ce qui concerne la capacit\u00e9 financi\u00e8re).<\/p>\n<p>D\u00e9couvrez nos conditions attractives.<\/p>\n<p>&nbsp;<\/p>\n<p>&nbsp;<\/p>\n<p>Pour l\u2019achat d\u2019un bien immobilier, un apport propre d\u2019au moins 20 % est n\u00e9cessaire. Nous finan\u00e7ons 65 % du prix d\u2019achat sous forme de 1er rang hypoth\u00e9caire. Le solde est accord\u00e9 sous forme de 2e rang hypoth\u00e9caire, qui doit \u00eatre amorti. Les co\u00fbts li\u00e9s \u00e0 votre bien immobilier (int\u00e9r\u00eat hypoth\u00e9caire th\u00e9orique de 5 %, amortissement, frais annexes) ne doivent pas d\u00e9passer un tiers de votre revenu.<\/p>\n<p>&nbsp;<\/p>\n<p>&nbsp;<\/p>\n","protected":false},"excerpt":{"rendered":"<p>La CACEB finance l\u2019acquisition de biens immobiliers \u00e0 usage propre pour les personnes assur\u00e9es aupr\u00e8s d\u2019elle. Nous proposons \u00e9galement des hypoth\u00e8ques \u00e0 des tiers, \u00e0 condition qu\u2019ils remplissent les crit\u00e8res requis (notamment en ce qui concerne la capacit\u00e9 financi\u00e8re). D\u00e9couvrez nos conditions attractives. &nbsp; &nbsp; Pour l\u2019achat d\u2019un bien immobilier, un apport propre d\u2019au moins [&hellip;]<\/p>\n","protected":false},"author":1,"featured_media":0,"parent":0,"menu_order":239,"comment_status":"closed","ping_status":"closed","template":"page-templates\/hypotheken-page.php","meta":{"_acf_changed":false,"inline_featured_image":false,"footnotes":""},"class_list":["post-8385","page","type-page","status-publish","hentry"],"acf":[],"yoast_head":"<!-- This site is optimized with the Yoast SEO plugin v25.4 - https:\/\/yoast.com\/wordpress\/plugins\/seo\/ -->\n<title>Hypoth\u00e8ques - CACEB<\/title>\n<meta name=\"robots\" content=\"index, follow, max-snippet:-1, max-image-preview:large, max-video-preview:-1\" \/>\n<link rel=\"canonical\" href=\"https:\/\/blvk.ch\/fr\/hypotheques\/\" \/>\n<meta property=\"og:locale\" content=\"fr_FR\" \/>\n<meta property=\"og:type\" content=\"article\" \/>\n<meta property=\"og:title\" content=\"Hypoth\u00e8ques - CACEB\" \/>\n<meta property=\"og:description\" content=\"La CACEB finance l\u2019acquisition de biens immobiliers \u00e0 usage propre pour les personnes assur\u00e9es aupr\u00e8s d\u2019elle. Nous proposons \u00e9galement des hypoth\u00e8ques \u00e0 des tiers, \u00e0 condition qu\u2019ils remplissent les crit\u00e8res requis (notamment en ce qui concerne la capacit\u00e9 financi\u00e8re). D\u00e9couvrez nos conditions attractives. &nbsp; &nbsp; Pour l\u2019achat d\u2019un bien immobilier, un apport propre d\u2019au moins [&hellip;]\" \/>\n<meta property=\"og:url\" content=\"https:\/\/blvk.ch\/fr\/hypotheques\/\" \/>\n<meta property=\"og:site_name\" content=\"CACEB\" \/>\n<meta property=\"article:modified_time\" content=\"2025-07-02T10:47:21+00:00\" \/>\n<meta name=\"twitter:card\" content=\"summary_large_image\" \/>\n<meta name=\"twitter:label1\" content=\"Dur\u00e9e de lecture estim\u00e9e\" \/>\n\t<meta name=\"twitter:data1\" content=\"1 minute\" \/>\n<script type=\"application\/ld+json\" class=\"yoast-schema-graph\">{\"@context\":\"https:\/\/schema.org\",\"@graph\":[{\"@type\":\"WebPage\",\"@id\":\"https:\/\/blvk.ch\/fr\/hypotheques\/\",\"url\":\"https:\/\/blvk.ch\/fr\/hypotheques\/\",\"name\":\"Hypoth\u00e8ques - CACEB\",\"isPartOf\":{\"@id\":\"https:\/\/blvk.ch\/fr\/#website\"},\"datePublished\":\"2025-04-14T10:03:18+00:00\",\"dateModified\":\"2025-07-02T10:47:21+00:00\",\"breadcrumb\":{\"@id\":\"https:\/\/blvk.ch\/fr\/hypotheques\/#breadcrumb\"},\"inLanguage\":\"fr-FR\",\"potentialAction\":[{\"@type\":\"ReadAction\",\"target\":[\"https:\/\/blvk.ch\/fr\/hypotheques\/\"]}]},{\"@type\":\"BreadcrumbList\",\"@id\":\"https:\/\/blvk.ch\/fr\/hypotheques\/#breadcrumb\",\"itemListElement\":[{\"@type\":\"ListItem\",\"position\":1,\"name\":\"Startseite\",\"item\":\"https:\/\/blvk.ch\/fr\/\"},{\"@type\":\"ListItem\",\"position\":2,\"name\":\"Hypoth\u00e8ques\"}]},{\"@type\":\"WebSite\",\"@id\":\"https:\/\/blvk.ch\/fr\/#website\",\"url\":\"https:\/\/blvk.ch\/fr\/\",\"name\":\"CACEB\",\"description\":\"Caisse d&#039;assurance du corps enseignant bernois\",\"publisher\":{\"@id\":\"https:\/\/blvk.ch\/fr\/#organization\"},\"potentialAction\":[{\"@type\":\"SearchAction\",\"target\":{\"@type\":\"EntryPoint\",\"urlTemplate\":\"https:\/\/blvk.ch\/fr\/?s={search_term_string}\"},\"query-input\":{\"@type\":\"PropertyValueSpecification\",\"valueRequired\":true,\"valueName\":\"search_term_string\"}}],\"inLanguage\":\"fr-FR\"},{\"@type\":\"Organization\",\"@id\":\"https:\/\/blvk.ch\/fr\/#organization\",\"name\":\"CACEB\",\"url\":\"https:\/\/blvk.ch\/fr\/\",\"logo\":{\"@type\":\"ImageObject\",\"inLanguage\":\"fr-FR\",\"@id\":\"https:\/\/blvk.ch\/fr\/#\/schema\/logo\/image\/\",\"url\":\"https:\/\/blvk.ch\/wp-content\/uploads\/2022\/10\/Logo1.png\",\"contentUrl\":\"https:\/\/blvk.ch\/wp-content\/uploads\/2022\/10\/Logo1.png\",\"width\":152,\"height\":66,\"caption\":\"CACEB\"},\"image\":{\"@id\":\"https:\/\/blvk.ch\/fr\/#\/schema\/logo\/image\/\"}}]}<\/script>\n<!-- \/ Yoast SEO plugin. -->","yoast_head_json":{"title":"Hypoth\u00e8ques - CACEB","robots":{"index":"index","follow":"follow","max-snippet":"max-snippet:-1","max-image-preview":"max-image-preview:large","max-video-preview":"max-video-preview:-1"},"canonical":"https:\/\/blvk.ch\/fr\/hypotheques\/","og_locale":"fr_FR","og_type":"article","og_title":"Hypoth\u00e8ques - CACEB","og_description":"La CACEB finance l\u2019acquisition de biens immobiliers \u00e0 usage propre pour les personnes assur\u00e9es aupr\u00e8s d\u2019elle. Nous proposons \u00e9galement des hypoth\u00e8ques \u00e0 des tiers, \u00e0 condition qu\u2019ils remplissent les crit\u00e8res requis (notamment en ce qui concerne la capacit\u00e9 financi\u00e8re). D\u00e9couvrez nos conditions attractives. &nbsp; &nbsp; Pour l\u2019achat d\u2019un bien immobilier, un apport propre d\u2019au moins [&hellip;]","og_url":"https:\/\/blvk.ch\/fr\/hypotheques\/","og_site_name":"CACEB","article_modified_time":"2025-07-02T10:47:21+00:00","twitter_card":"summary_large_image","twitter_misc":{"Dur\u00e9e de lecture estim\u00e9e":"1 minute"},"schema":{"@context":"https:\/\/schema.org","@graph":[{"@type":"WebPage","@id":"https:\/\/blvk.ch\/fr\/hypotheques\/","url":"https:\/\/blvk.ch\/fr\/hypotheques\/","name":"Hypoth\u00e8ques - CACEB","isPartOf":{"@id":"https:\/\/blvk.ch\/fr\/#website"},"datePublished":"2025-04-14T10:03:18+00:00","dateModified":"2025-07-02T10:47:21+00:00","breadcrumb":{"@id":"https:\/\/blvk.ch\/fr\/hypotheques\/#breadcrumb"},"inLanguage":"fr-FR","potentialAction":[{"@type":"ReadAction","target":["https:\/\/blvk.ch\/fr\/hypotheques\/"]}]},{"@type":"BreadcrumbList","@id":"https:\/\/blvk.ch\/fr\/hypotheques\/#breadcrumb","itemListElement":[{"@type":"ListItem","position":1,"name":"Startseite","item":"https:\/\/blvk.ch\/fr\/"},{"@type":"ListItem","position":2,"name":"Hypoth\u00e8ques"}]},{"@type":"WebSite","@id":"https:\/\/blvk.ch\/fr\/#website","url":"https:\/\/blvk.ch\/fr\/","name":"CACEB","description":"Caisse d&#039;assurance du corps enseignant bernois","publisher":{"@id":"https:\/\/blvk.ch\/fr\/#organization"},"potentialAction":[{"@type":"SearchAction","target":{"@type":"EntryPoint","urlTemplate":"https:\/\/blvk.ch\/fr\/?s={search_term_string}"},"query-input":{"@type":"PropertyValueSpecification","valueRequired":true,"valueName":"search_term_string"}}],"inLanguage":"fr-FR"},{"@type":"Organization","@id":"https:\/\/blvk.ch\/fr\/#organization","name":"CACEB","url":"https:\/\/blvk.ch\/fr\/","logo":{"@type":"ImageObject","inLanguage":"fr-FR","@id":"https:\/\/blvk.ch\/fr\/#\/schema\/logo\/image\/","url":"https:\/\/blvk.ch\/wp-content\/uploads\/2022\/10\/Logo1.png","contentUrl":"https:\/\/blvk.ch\/wp-content\/uploads\/2022\/10\/Logo1.png","width":152,"height":66,"caption":"CACEB"},"image":{"@id":"https:\/\/blvk.ch\/fr\/#\/schema\/logo\/image\/"}}]}},"_links":{"self":[{"href":"https:\/\/blvk.ch\/fr\/wp-json\/wp\/v2\/pages\/8385","targetHints":{"allow":["GET"]}}],"collection":[{"href":"https:\/\/blvk.ch\/fr\/wp-json\/wp\/v2\/pages"}],"about":[{"href":"https:\/\/blvk.ch\/fr\/wp-json\/wp\/v2\/types\/page"}],"author":[{"embeddable":true,"href":"https:\/\/blvk.ch\/fr\/wp-json\/wp\/v2\/users\/1"}],"replies":[{"embeddable":true,"href":"https:\/\/blvk.ch\/fr\/wp-json\/wp\/v2\/comments?post=8385"}],"version-history":[{"count":45,"href":"https:\/\/blvk.ch\/fr\/wp-json\/wp\/v2\/pages\/8385\/revisions"}],"predecessor-version":[{"id":9904,"href":"https:\/\/blvk.ch\/fr\/wp-json\/wp\/v2\/pages\/8385\/revisions\/9904"}],"wp:attachment":[{"href":"https:\/\/blvk.ch\/fr\/wp-json\/wp\/v2\/media?parent=8385"}],"curies":[{"name":"wp","href":"https:\/\/api.w.org\/{rel}","templated":true}]}}