{"id":9174,"date":"2025-05-09T15:40:54","date_gmt":"2025-05-09T13:40:54","guid":{"rendered":"https:\/\/blvk.ch\/?page_id=9174"},"modified":"2025-07-09T10:52:14","modified_gmt":"2025-07-09T08:52:14","slug":"placements","status":"publish","type":"page","link":"https:\/\/blvk.ch\/fr\/placements\/placements\/","title":{"rendered":"Placements"},"content":{"rendered":"<p>La gestion des placements de la CACEB repose sur un processus structur\u00e9 et est calqu\u00e9e sur les prescriptions l\u00e9gales de la LPP et de l\u2019OPP 2. L\u2019Asset and Liability Management (ALM) sert ainsi d\u2019instrument central de conduite et de d\u00e9cision. Les rendements doivent \u00eatre adapt\u00e9s au march\u00e9 et refl\u00e9ter le risque encouru.<\/p>\n<p>La CACEB doit imp\u00e9rativement atteindre des rendements positifs. Car en plus des cotisations des employeurs et du personnel salari\u00e9, les r\u00e9sultats des placements constituent les principales sources de revenu.<\/p>\n","protected":false},"excerpt":{"rendered":"<p>La gestion des placements de la CACEB repose sur un processus structur\u00e9 et est calqu\u00e9e sur les prescriptions l\u00e9gales de la LPP et de l\u2019OPP 2. L\u2019Asset and Liability Management (ALM) sert ainsi d\u2019instrument central de conduite et de d\u00e9cision. Les rendements doivent \u00eatre adapt\u00e9s au march\u00e9 et refl\u00e9ter le risque encouru. La CACEB doit [&hellip;]<\/p>\n","protected":false},"author":1,"featured_media":0,"parent":1858,"menu_order":0,"comment_status":"closed","ping_status":"closed","template":"page-templates\/grundsatze-small.php","meta":{"_acf_changed":false,"inline_featured_image":false,"footnotes":""},"class_list":["post-9174","page","type-page","status-publish","hentry"],"acf":[],"yoast_head":"<!-- This site is optimized with the Yoast SEO plugin v25.4 - https:\/\/yoast.com\/wordpress\/plugins\/seo\/ -->\n<title>Placements - CACEB<\/title>\n<meta name=\"robots\" content=\"index, follow, max-snippet:-1, max-image-preview:large, max-video-preview:-1\" \/>\n<link rel=\"canonical\" href=\"https:\/\/blvk.ch\/fr\/placements\/placements\/\" \/>\n<meta property=\"og:locale\" content=\"fr_FR\" \/>\n<meta property=\"og:type\" content=\"article\" \/>\n<meta property=\"og:title\" content=\"Placements - CACEB\" \/>\n<meta property=\"og:description\" content=\"La gestion des placements de la CACEB repose sur un processus structur\u00e9 et est calqu\u00e9e sur les prescriptions l\u00e9gales de la LPP et de l\u2019OPP 2. L\u2019Asset and Liability Management (ALM) sert ainsi d\u2019instrument central de conduite et de d\u00e9cision. Les rendements doivent \u00eatre adapt\u00e9s au march\u00e9 et refl\u00e9ter le risque encouru. La CACEB doit [&hellip;]\" \/>\n<meta property=\"og:url\" content=\"https:\/\/blvk.ch\/fr\/placements\/placements\/\" \/>\n<meta property=\"og:site_name\" content=\"CACEB\" \/>\n<meta property=\"article:modified_time\" content=\"2025-07-09T08:52:14+00:00\" \/>\n<meta name=\"twitter:card\" content=\"summary_large_image\" \/>\n<meta name=\"twitter:label1\" content=\"Dur\u00e9e de lecture estim\u00e9e\" \/>\n\t<meta name=\"twitter:data1\" content=\"1 minute\" \/>\n<script type=\"application\/ld+json\" class=\"yoast-schema-graph\">{\"@context\":\"https:\/\/schema.org\",\"@graph\":[{\"@type\":\"WebPage\",\"@id\":\"https:\/\/blvk.ch\/fr\/placements\/placements\/\",\"url\":\"https:\/\/blvk.ch\/fr\/placements\/placements\/\",\"name\":\"Placements - CACEB\",\"isPartOf\":{\"@id\":\"https:\/\/blvk.ch\/fr\/#website\"},\"datePublished\":\"2025-05-09T13:40:54+00:00\",\"dateModified\":\"2025-07-09T08:52:14+00:00\",\"breadcrumb\":{\"@id\":\"https:\/\/blvk.ch\/fr\/placements\/placements\/#breadcrumb\"},\"inLanguage\":\"fr-FR\",\"potentialAction\":[{\"@type\":\"ReadAction\",\"target\":[\"https:\/\/blvk.ch\/fr\/placements\/placements\/\"]}]},{\"@type\":\"BreadcrumbList\",\"@id\":\"https:\/\/blvk.ch\/fr\/placements\/placements\/#breadcrumb\",\"itemListElement\":[{\"@type\":\"ListItem\",\"position\":1,\"name\":\"Startseite\",\"item\":\"https:\/\/blvk.ch\/fr\/\"},{\"@type\":\"ListItem\",\"position\":2,\"name\":\"Placements\",\"item\":\"https:\/\/blvk.ch\/fr\/placements\/\"},{\"@type\":\"ListItem\",\"position\":3,\"name\":\"Placements\"}]},{\"@type\":\"WebSite\",\"@id\":\"https:\/\/blvk.ch\/fr\/#website\",\"url\":\"https:\/\/blvk.ch\/fr\/\",\"name\":\"CACEB\",\"description\":\"Caisse d&#039;assurance du corps enseignant bernois\",\"publisher\":{\"@id\":\"https:\/\/blvk.ch\/fr\/#organization\"},\"potentialAction\":[{\"@type\":\"SearchAction\",\"target\":{\"@type\":\"EntryPoint\",\"urlTemplate\":\"https:\/\/blvk.ch\/fr\/?s={search_term_string}\"},\"query-input\":{\"@type\":\"PropertyValueSpecification\",\"valueRequired\":true,\"valueName\":\"search_term_string\"}}],\"inLanguage\":\"fr-FR\"},{\"@type\":\"Organization\",\"@id\":\"https:\/\/blvk.ch\/fr\/#organization\",\"name\":\"CACEB\",\"url\":\"https:\/\/blvk.ch\/fr\/\",\"logo\":{\"@type\":\"ImageObject\",\"inLanguage\":\"fr-FR\",\"@id\":\"https:\/\/blvk.ch\/fr\/#\/schema\/logo\/image\/\",\"url\":\"https:\/\/blvk.ch\/wp-content\/uploads\/2022\/10\/Logo1.png\",\"contentUrl\":\"https:\/\/blvk.ch\/wp-content\/uploads\/2022\/10\/Logo1.png\",\"width\":152,\"height\":66,\"caption\":\"CACEB\"},\"image\":{\"@id\":\"https:\/\/blvk.ch\/fr\/#\/schema\/logo\/image\/\"}}]}<\/script>\n<!-- \/ Yoast SEO plugin. -->","yoast_head_json":{"title":"Placements - CACEB","robots":{"index":"index","follow":"follow","max-snippet":"max-snippet:-1","max-image-preview":"max-image-preview:large","max-video-preview":"max-video-preview:-1"},"canonical":"https:\/\/blvk.ch\/fr\/placements\/placements\/","og_locale":"fr_FR","og_type":"article","og_title":"Placements - CACEB","og_description":"La gestion des placements de la CACEB repose sur un processus structur\u00e9 et est calqu\u00e9e sur les prescriptions l\u00e9gales de la LPP et de l\u2019OPP 2. L\u2019Asset and Liability Management (ALM) sert ainsi d\u2019instrument central de conduite et de d\u00e9cision. Les rendements doivent \u00eatre adapt\u00e9s au march\u00e9 et refl\u00e9ter le risque encouru. La CACEB doit [&hellip;]","og_url":"https:\/\/blvk.ch\/fr\/placements\/placements\/","og_site_name":"CACEB","article_modified_time":"2025-07-09T08:52:14+00:00","twitter_card":"summary_large_image","twitter_misc":{"Dur\u00e9e de lecture estim\u00e9e":"1 minute"},"schema":{"@context":"https:\/\/schema.org","@graph":[{"@type":"WebPage","@id":"https:\/\/blvk.ch\/fr\/placements\/placements\/","url":"https:\/\/blvk.ch\/fr\/placements\/placements\/","name":"Placements - CACEB","isPartOf":{"@id":"https:\/\/blvk.ch\/fr\/#website"},"datePublished":"2025-05-09T13:40:54+00:00","dateModified":"2025-07-09T08:52:14+00:00","breadcrumb":{"@id":"https:\/\/blvk.ch\/fr\/placements\/placements\/#breadcrumb"},"inLanguage":"fr-FR","potentialAction":[{"@type":"ReadAction","target":["https:\/\/blvk.ch\/fr\/placements\/placements\/"]}]},{"@type":"BreadcrumbList","@id":"https:\/\/blvk.ch\/fr\/placements\/placements\/#breadcrumb","itemListElement":[{"@type":"ListItem","position":1,"name":"Startseite","item":"https:\/\/blvk.ch\/fr\/"},{"@type":"ListItem","position":2,"name":"Placements","item":"https:\/\/blvk.ch\/fr\/placements\/"},{"@type":"ListItem","position":3,"name":"Placements"}]},{"@type":"WebSite","@id":"https:\/\/blvk.ch\/fr\/#website","url":"https:\/\/blvk.ch\/fr\/","name":"CACEB","description":"Caisse d&#039;assurance du corps enseignant bernois","publisher":{"@id":"https:\/\/blvk.ch\/fr\/#organization"},"potentialAction":[{"@type":"SearchAction","target":{"@type":"EntryPoint","urlTemplate":"https:\/\/blvk.ch\/fr\/?s={search_term_string}"},"query-input":{"@type":"PropertyValueSpecification","valueRequired":true,"valueName":"search_term_string"}}],"inLanguage":"fr-FR"},{"@type":"Organization","@id":"https:\/\/blvk.ch\/fr\/#organization","name":"CACEB","url":"https:\/\/blvk.ch\/fr\/","logo":{"@type":"ImageObject","inLanguage":"fr-FR","@id":"https:\/\/blvk.ch\/fr\/#\/schema\/logo\/image\/","url":"https:\/\/blvk.ch\/wp-content\/uploads\/2022\/10\/Logo1.png","contentUrl":"https:\/\/blvk.ch\/wp-content\/uploads\/2022\/10\/Logo1.png","width":152,"height":66,"caption":"CACEB"},"image":{"@id":"https:\/\/blvk.ch\/fr\/#\/schema\/logo\/image\/"}}]}},"_links":{"self":[{"href":"https:\/\/blvk.ch\/fr\/wp-json\/wp\/v2\/pages\/9174","targetHints":{"allow":["GET"]}}],"collection":[{"href":"https:\/\/blvk.ch\/fr\/wp-json\/wp\/v2\/pages"}],"about":[{"href":"https:\/\/blvk.ch\/fr\/wp-json\/wp\/v2\/types\/page"}],"author":[{"embeddable":true,"href":"https:\/\/blvk.ch\/fr\/wp-json\/wp\/v2\/users\/1"}],"replies":[{"embeddable":true,"href":"https:\/\/blvk.ch\/fr\/wp-json\/wp\/v2\/comments?post=9174"}],"version-history":[{"count":10,"href":"https:\/\/blvk.ch\/fr\/wp-json\/wp\/v2\/pages\/9174\/revisions"}],"predecessor-version":[{"id":10075,"href":"https:\/\/blvk.ch\/fr\/wp-json\/wp\/v2\/pages\/9174\/revisions\/10075"}],"up":[{"embeddable":true,"href":"https:\/\/blvk.ch\/fr\/wp-json\/wp\/v2\/pages\/1858"}],"wp:attachment":[{"href":"https:\/\/blvk.ch\/fr\/wp-json\/wp\/v2\/media?parent=9174"}],"curies":[{"name":"wp","href":"https:\/\/api.w.org\/{rel}","templated":true}]}}