{"id":9609,"date":"2025-06-30T10:35:25","date_gmt":"2025-06-30T08:35:25","guid":{"rendered":"https:\/\/blvk.ch\/?page_id=9609"},"modified":"2026-03-24T10:20:21","modified_gmt":"2026-03-24T09:20:21","slug":"rapport-sur-la-durabilite","status":"publish","type":"page","link":"https:\/\/blvk.ch\/fr\/la-caceb\/publications\/rapport-sur-la-durabilite\/","title":{"rendered":"Rapport sur la durabilit\u00e9"},"content":{"rendered":"<p>Une fois l\u2019an, la CACEB rend compte de l\u2019exercice \u00e9coul\u00e9 dans le rapport annuel. Depuis 2021, dans le souci d\u2019am\u00e9liorer notre empreinte \u00e9cologique, le rapport annuel para\u00eet uniquement en version num\u00e9rique (fichier PDF) et il peut \u00eatre t\u00e9l\u00e9charg\u00e9 sur notre site Internet. D\u00e9couvrez ici tous les rapports annuels de la CACEB.<\/p>\n","protected":false},"excerpt":{"rendered":"<p>Une fois l\u2019an, la CACEB rend compte de l\u2019exercice \u00e9coul\u00e9 dans le rapport annuel. Depuis 2021, dans le souci d\u2019am\u00e9liorer notre empreinte \u00e9cologique, le rapport annuel para\u00eet uniquement en version num\u00e9rique (fichier PDF) et il peut \u00eatre t\u00e9l\u00e9charg\u00e9 sur notre site Internet. D\u00e9couvrez ici tous les rapports annuels de la CACEB.<\/p>\n","protected":false},"author":1,"featured_media":0,"parent":9549,"menu_order":2,"comment_status":"closed","ping_status":"closed","template":"page-templates\/grundsatze-small-inverted.php","meta":{"_acf_changed":false,"inline_featured_image":false,"footnotes":""},"class_list":["post-9609","page","type-page","status-publish","hentry"],"acf":[],"yoast_head":"<!-- This site is optimized with the Yoast SEO plugin v25.4 - https:\/\/yoast.com\/wordpress\/plugins\/seo\/ -->\n<title>Rapport sur la durabilit\u00e9 - CACEB<\/title>\n<meta name=\"robots\" content=\"index, follow, max-snippet:-1, max-image-preview:large, max-video-preview:-1\" \/>\n<link rel=\"canonical\" href=\"https:\/\/blvk.ch\/fr\/la-caceb\/publications\/rapport-sur-la-durabilite\/\" \/>\n<meta property=\"og:locale\" content=\"fr_FR\" \/>\n<meta property=\"og:type\" content=\"article\" \/>\n<meta property=\"og:title\" content=\"Rapport sur la durabilit\u00e9 - CACEB\" \/>\n<meta property=\"og:description\" content=\"Une fois l\u2019an, la CACEB rend compte de l\u2019exercice \u00e9coul\u00e9 dans le rapport annuel. Depuis 2021, dans le souci d\u2019am\u00e9liorer notre empreinte \u00e9cologique, le rapport annuel para\u00eet uniquement en version num\u00e9rique (fichier PDF) et il peut \u00eatre t\u00e9l\u00e9charg\u00e9 sur notre site Internet. D\u00e9couvrez ici tous les rapports annuels de la CACEB.\" \/>\n<meta property=\"og:url\" content=\"https:\/\/blvk.ch\/fr\/la-caceb\/publications\/rapport-sur-la-durabilite\/\" \/>\n<meta property=\"og:site_name\" content=\"CACEB\" \/>\n<meta property=\"article:modified_time\" content=\"2026-03-24T09:20:21+00:00\" \/>\n<meta name=\"twitter:card\" content=\"summary_large_image\" \/>\n<meta name=\"twitter:label1\" content=\"Dur\u00e9e de lecture estim\u00e9e\" \/>\n\t<meta name=\"twitter:data1\" content=\"1 minute\" \/>\n<script type=\"application\/ld+json\" class=\"yoast-schema-graph\">{\"@context\":\"https:\/\/schema.org\",\"@graph\":[{\"@type\":\"WebPage\",\"@id\":\"https:\/\/blvk.ch\/fr\/la-caceb\/publications\/rapport-sur-la-durabilite\/\",\"url\":\"https:\/\/blvk.ch\/fr\/la-caceb\/publications\/rapport-sur-la-durabilite\/\",\"name\":\"Rapport sur la durabilit\u00e9 - CACEB\",\"isPartOf\":{\"@id\":\"https:\/\/blvk.ch\/fr\/#website\"},\"datePublished\":\"2025-06-30T08:35:25+00:00\",\"dateModified\":\"2026-03-24T09:20:21+00:00\",\"breadcrumb\":{\"@id\":\"https:\/\/blvk.ch\/fr\/la-caceb\/publications\/rapport-sur-la-durabilite\/#breadcrumb\"},\"inLanguage\":\"fr-FR\",\"potentialAction\":[{\"@type\":\"ReadAction\",\"target\":[\"https:\/\/blvk.ch\/fr\/la-caceb\/publications\/rapport-sur-la-durabilite\/\"]}]},{\"@type\":\"BreadcrumbList\",\"@id\":\"https:\/\/blvk.ch\/fr\/la-caceb\/publications\/rapport-sur-la-durabilite\/#breadcrumb\",\"itemListElement\":[{\"@type\":\"ListItem\",\"position\":1,\"name\":\"Startseite\",\"item\":\"https:\/\/blvk.ch\/fr\/\"},{\"@type\":\"ListItem\",\"position\":2,\"name\":\"La CACEB\",\"item\":\"https:\/\/blvk.ch\/fr\/la-caceb\/\"},{\"@type\":\"ListItem\",\"position\":3,\"name\":\"Publications\",\"item\":\"https:\/\/blvk.ch\/fr\/la-caceb\/publications\/\"},{\"@type\":\"ListItem\",\"position\":4,\"name\":\"Rapport sur la durabilit\u00e9\"}]},{\"@type\":\"WebSite\",\"@id\":\"https:\/\/blvk.ch\/fr\/#website\",\"url\":\"https:\/\/blvk.ch\/fr\/\",\"name\":\"CACEB\",\"description\":\"Caisse d&#039;assurance du corps enseignant bernois\",\"publisher\":{\"@id\":\"https:\/\/blvk.ch\/fr\/#organization\"},\"potentialAction\":[{\"@type\":\"SearchAction\",\"target\":{\"@type\":\"EntryPoint\",\"urlTemplate\":\"https:\/\/blvk.ch\/fr\/?s={search_term_string}\"},\"query-input\":{\"@type\":\"PropertyValueSpecification\",\"valueRequired\":true,\"valueName\":\"search_term_string\"}}],\"inLanguage\":\"fr-FR\"},{\"@type\":\"Organization\",\"@id\":\"https:\/\/blvk.ch\/fr\/#organization\",\"name\":\"CACEB\",\"url\":\"https:\/\/blvk.ch\/fr\/\",\"logo\":{\"@type\":\"ImageObject\",\"inLanguage\":\"fr-FR\",\"@id\":\"https:\/\/blvk.ch\/fr\/#\/schema\/logo\/image\/\",\"url\":\"https:\/\/blvk.ch\/wp-content\/uploads\/2022\/10\/Logo1.png\",\"contentUrl\":\"https:\/\/blvk.ch\/wp-content\/uploads\/2022\/10\/Logo1.png\",\"width\":152,\"height\":66,\"caption\":\"CACEB\"},\"image\":{\"@id\":\"https:\/\/blvk.ch\/fr\/#\/schema\/logo\/image\/\"}}]}<\/script>\n<!-- \/ Yoast SEO plugin. -->","yoast_head_json":{"title":"Rapport sur la durabilit\u00e9 - CACEB","robots":{"index":"index","follow":"follow","max-snippet":"max-snippet:-1","max-image-preview":"max-image-preview:large","max-video-preview":"max-video-preview:-1"},"canonical":"https:\/\/blvk.ch\/fr\/la-caceb\/publications\/rapport-sur-la-durabilite\/","og_locale":"fr_FR","og_type":"article","og_title":"Rapport sur la durabilit\u00e9 - CACEB","og_description":"Une fois l\u2019an, la CACEB rend compte de l\u2019exercice \u00e9coul\u00e9 dans le rapport annuel. Depuis 2021, dans le souci d\u2019am\u00e9liorer notre empreinte \u00e9cologique, le rapport annuel para\u00eet uniquement en version num\u00e9rique (fichier PDF) et il peut \u00eatre t\u00e9l\u00e9charg\u00e9 sur notre site Internet. D\u00e9couvrez ici tous les rapports annuels de la CACEB.","og_url":"https:\/\/blvk.ch\/fr\/la-caceb\/publications\/rapport-sur-la-durabilite\/","og_site_name":"CACEB","article_modified_time":"2026-03-24T09:20:21+00:00","twitter_card":"summary_large_image","twitter_misc":{"Dur\u00e9e de lecture estim\u00e9e":"1 minute"},"schema":{"@context":"https:\/\/schema.org","@graph":[{"@type":"WebPage","@id":"https:\/\/blvk.ch\/fr\/la-caceb\/publications\/rapport-sur-la-durabilite\/","url":"https:\/\/blvk.ch\/fr\/la-caceb\/publications\/rapport-sur-la-durabilite\/","name":"Rapport sur la durabilit\u00e9 - CACEB","isPartOf":{"@id":"https:\/\/blvk.ch\/fr\/#website"},"datePublished":"2025-06-30T08:35:25+00:00","dateModified":"2026-03-24T09:20:21+00:00","breadcrumb":{"@id":"https:\/\/blvk.ch\/fr\/la-caceb\/publications\/rapport-sur-la-durabilite\/#breadcrumb"},"inLanguage":"fr-FR","potentialAction":[{"@type":"ReadAction","target":["https:\/\/blvk.ch\/fr\/la-caceb\/publications\/rapport-sur-la-durabilite\/"]}]},{"@type":"BreadcrumbList","@id":"https:\/\/blvk.ch\/fr\/la-caceb\/publications\/rapport-sur-la-durabilite\/#breadcrumb","itemListElement":[{"@type":"ListItem","position":1,"name":"Startseite","item":"https:\/\/blvk.ch\/fr\/"},{"@type":"ListItem","position":2,"name":"La CACEB","item":"https:\/\/blvk.ch\/fr\/la-caceb\/"},{"@type":"ListItem","position":3,"name":"Publications","item":"https:\/\/blvk.ch\/fr\/la-caceb\/publications\/"},{"@type":"ListItem","position":4,"name":"Rapport sur la durabilit\u00e9"}]},{"@type":"WebSite","@id":"https:\/\/blvk.ch\/fr\/#website","url":"https:\/\/blvk.ch\/fr\/","name":"CACEB","description":"Caisse d&#039;assurance du corps enseignant bernois","publisher":{"@id":"https:\/\/blvk.ch\/fr\/#organization"},"potentialAction":[{"@type":"SearchAction","target":{"@type":"EntryPoint","urlTemplate":"https:\/\/blvk.ch\/fr\/?s={search_term_string}"},"query-input":{"@type":"PropertyValueSpecification","valueRequired":true,"valueName":"search_term_string"}}],"inLanguage":"fr-FR"},{"@type":"Organization","@id":"https:\/\/blvk.ch\/fr\/#organization","name":"CACEB","url":"https:\/\/blvk.ch\/fr\/","logo":{"@type":"ImageObject","inLanguage":"fr-FR","@id":"https:\/\/blvk.ch\/fr\/#\/schema\/logo\/image\/","url":"https:\/\/blvk.ch\/wp-content\/uploads\/2022\/10\/Logo1.png","contentUrl":"https:\/\/blvk.ch\/wp-content\/uploads\/2022\/10\/Logo1.png","width":152,"height":66,"caption":"CACEB"},"image":{"@id":"https:\/\/blvk.ch\/fr\/#\/schema\/logo\/image\/"}}]}},"_links":{"self":[{"href":"https:\/\/blvk.ch\/fr\/wp-json\/wp\/v2\/pages\/9609","targetHints":{"allow":["GET"]}}],"collection":[{"href":"https:\/\/blvk.ch\/fr\/wp-json\/wp\/v2\/pages"}],"about":[{"href":"https:\/\/blvk.ch\/fr\/wp-json\/wp\/v2\/types\/page"}],"author":[{"embeddable":true,"href":"https:\/\/blvk.ch\/fr\/wp-json\/wp\/v2\/users\/1"}],"replies":[{"embeddable":true,"href":"https:\/\/blvk.ch\/fr\/wp-json\/wp\/v2\/comments?post=9609"}],"version-history":[{"count":13,"href":"https:\/\/blvk.ch\/fr\/wp-json\/wp\/v2\/pages\/9609\/revisions"}],"predecessor-version":[{"id":10926,"href":"https:\/\/blvk.ch\/fr\/wp-json\/wp\/v2\/pages\/9609\/revisions\/10926"}],"up":[{"embeddable":true,"href":"https:\/\/blvk.ch\/fr\/wp-json\/wp\/v2\/pages\/9549"}],"wp:attachment":[{"href":"https:\/\/blvk.ch\/fr\/wp-json\/wp\/v2\/media?parent=9609"}],"curies":[{"name":"wp","href":"https:\/\/api.w.org\/{rel}","templated":true}]}}